{"id":11503,"date":"2020-03-06T10:38:56","date_gmt":"2020-03-06T09:38:56","guid":{"rendered":"https:\/\/atlasscent.com\/politique-en-matiere-de-cookies\/"},"modified":"2026-05-13T10:13:16","modified_gmt":"2026-05-13T08:13:16","slug":"politique-en-matiere-de-cookies","status":"publish","type":"page","link":"https:\/\/atlasscent.com\/fr\/politique-en-matiere-de-cookies\/","title":{"rendered":"Politique en mati\u00e8re de cookies"},"content":{"rendered":"<p>[et_pb_section fb_built=\u00a0\u00bb1&Prime; admin_label=\u00a0\u00bbBreadcrumbs\u00a0\u00bb module_id=\u00a0\u00bbbreadcrumbs\u00a0\u00bb _builder_version=\u00a0\u00bb4.27.6&Prime; background_color=\u00a0\u00bb#f8f7f3&Prime; custom_padding=\u00a0\u00bb0px||0px||false|false\u00a0\u00bb global_module=\u00a0\u00bb3246&Prime; locked=\u00a0\u00bboff\u00a0\u00bb collapsed=\u00a0\u00bbon\u00a0\u00bb global_colors_info=\u00a0\u00bb{}\u00a0\u00bb][et_pb_row _builder_version=\u00a0\u00bb4.27.6&Prime; width=\u00a0\u00bb90%\u00a0\u00bb custom_padding=\u00a0\u00bb0px||8px||false|false\u00a0\u00bb global_colors_info=\u00a0\u00bb{}\u00a0\u00bb][et_pb_column type=\u00a0\u00bb4_4&Prime; _builder_version=\u00a0\u00bb4.16&Prime; global_colors_info=\u00a0\u00bb{}\u00a0\u00bb][et_pb_code _builder_version=\u00a0\u00bb4.27.6&Prime; text_orientation=\u00a0\u00bbleft\u00a0\u00bb locked=\u00a0\u00bboff\u00a0\u00bb global_colors_info=\u00a0\u00bb{}\u00a0\u00bb]<nav aria-label=\"breadcrumbs\" class=\"rank-math-breadcrumb\"><p><span class=\"last\">Inicio<\/span><\/p><\/nav>[\/et_pb_code][\/et_pb_column][\/et_pb_row][\/et_pb_section][et_pb_section fb_built=\u00a0\u00bb1&Prime; module_class=\u00a0\u00bbseccion\u00a0\u00bb _builder_version=\u00a0\u00bb4.27.0&Prime; vertical_offset_tablet=\u00a0\u00bb0&Prime; horizontal_offset_tablet=\u00a0\u00bb0&Prime; custom_padding=\u00a0\u00bb0px||0px||false|false\u00a0\u00bb z_index_tablet=\u00a0\u00bb0&Prime; box_shadow_horizontal_tablet=\u00a0\u00bb0px\u00a0\u00bb box_shadow_vertical_tablet=\u00a0\u00bb0px\u00a0\u00bb box_shadow_blur_tablet=\u00a0\u00bb40px\u00a0\u00bb box_shadow_spread_tablet=\u00a0\u00bb0px\u00a0\u00bb global_colors_info=\u00a0\u00bb{}\u00a0\u00bb][et_pb_row _builder_version=\u00a0\u00bb4.16&Prime; background_size=\u00a0\u00bbinitial\u00a0\u00bb background_position=\u00a0\u00bbtop_left\u00a0\u00bb background_repeat=\u00a0\u00bbrepeat\u00a0\u00bb global_colors_info=\u00a0\u00bb{}\u00a0\u00bb][et_pb_column type=\u00a0\u00bb4_4&Prime; _builder_version=\u00a0\u00bb4.16&Prime; custom_padding=\u00a0\u00bb|||\u00a0\u00bb global_colors_info=\u00a0\u00bb{}\u00a0\u00bb custom_padding__hover=\u00a0\u00bb|||\u00a0\u00bb][et_pb_post_title meta=\u00a0\u00bboff\u00a0\u00bb featured_image=\u00a0\u00bboff\u00a0\u00bb module_class=\u00a0\u00bbtitulo-pagina\u00a0\u00bb _builder_version=\u00a0\u00bb4.16&Prime; vertical_offset_tablet=\u00a0\u00bb0&Prime; horizontal_offset_tablet=\u00a0\u00bb0&Prime; z_index_tablet=\u00a0\u00bb0&Prime; title_text_shadow_horizontal_length_tablet=\u00a0\u00bb0px\u00a0\u00bb title_text_shadow_vertical_length_tablet=\u00a0\u00bb0px\u00a0\u00bb title_text_shadow_blur_strength_tablet=\u00a0\u00bb1px\u00a0\u00bb meta_text_shadow_horizontal_length_tablet=\u00a0\u00bb0px\u00a0\u00bb meta_text_shadow_vertical_length_tablet=\u00a0\u00bb0px\u00a0\u00bb meta_text_shadow_blur_strength_tablet=\u00a0\u00bb1px\u00a0\u00bb box_shadow_horizontal_tablet=\u00a0\u00bb0px\u00a0\u00bb box_shadow_vertical_tablet=\u00a0\u00bb0px\u00a0\u00bb box_shadow_blur_tablet=\u00a0\u00bb40px\u00a0\u00bb box_shadow_spread_tablet=\u00a0\u00bb0px\u00a0\u00bb text_shadow_horizontal_length_tablet=\u00a0\u00bb0px\u00a0\u00bb text_shadow_vertical_length_tablet=\u00a0\u00bb0px\u00a0\u00bb text_shadow_blur_strength_tablet=\u00a0\u00bb1px\u00a0\u00bb global_colors_info=\u00a0\u00bb{}\u00a0\u00bb][\/et_pb_post_title][et_pb_text _builder_version=\u00a0\u00bb4.27.6&Prime; background_size=\u00a0\u00bbinitial\u00a0\u00bb background_position=\u00a0\u00bbtop_left\u00a0\u00bb background_repeat=\u00a0\u00bbrepeat\u00a0\u00bb hover_enabled=\u00a0\u00bb0&Prime; global_colors_info=\u00a0\u00bb{}\u00a0\u00bb sticky_enabled=\u00a0\u00bb0&Prime; header_2_font_size_last_edited=\u00a0\u00bbon|phone\u00a0\u00bb header_2_font_size_phone=\u00a0\u00bb20px\u00a0\u00bb]<\/p>\n<p><span class=\"VIiyi\" lang=\"es\"><span class=\"JLqJ4b ChMk0b\" data-language-for-alternatives=\"es\" data-language-to-translate-into=\"en\" data-phrase-index=\"0\">La pr\u00e9sente politique en mati\u00e8re de cookies explique ce que sont les cookies et comment nous les utilisons, les types de cookies que nous utilisons, c&rsquo;est-\u00e0-dire les informations que nous recueillons \u00e0 l&rsquo;aide des cookies et la mani\u00e8re dont ces informations sont utilis\u00e9es, ainsi que la mani\u00e8re de g\u00e9rer vos pr\u00e9f\u00e9rences en mati\u00e8re de cookies.<\/span> <span class=\"JLqJ4b ChMk0b\" data-language-for-alternatives=\"es\" data-language-to-translate-into=\"en\" data-phrase-index=\"1\">Pour en savoir plus sur la mani\u00e8re dont nous utilisons, conservons et prot\u00e9geons vos donn\u00e9es personnelles, veuillez consulter notre Politique de confidentialit\u00e9.<\/span> <\/span><\/p>\n<p><span class=\"VIiyi\" lang=\"es\"><span class=\"JLqJ4b ChMk0b\" data-language-for-alternatives=\"es\" data-language-to-translate-into=\"en\" data-phrase-index=\"3\">Vous pouvez \u00e0 tout moment modifier ou retirer votre consentement concernant la politique en mati\u00e8re de cookies sur notre site web.<\/span> <span class=\"JLqJ4b ChMk0b\" data-language-for-alternatives=\"es\" data-language-to-translate-into=\"en\" data-phrase-index=\"5\">Pour en savoir plus sur qui nous sommes, comment nous contacter et comment nous traitons les donn\u00e9es \u00e0 caract\u00e8re personnel, consultez notre Politique de confidentialit\u00e9.<\/span> <\/span><\/p>\n<p><span class=\"JLqJ4b ChMk0b\" data-language-for-alternatives=\"es\" data-language-to-translate-into=\"en\" data-phrase-index=\"7\"><span class=\"VIiyi\" lang=\"es\">Votre consentement s&rsquo;applique aux domaines suivants : <\/span><\/span>atlasscent.com\/<\/p>\n<h2>QU&rsquo;EST-CE QUE LES COOKIES ET COMMENT LE SITE WEB D&rsquo;Atlas Scent LES UTILISE-T-IL ?<\/h2>\n<p>Les cookies sont des fichiers que le site web ou l&rsquo;application que vous utilisez installe dans votre navigateur ou sur votre appareil (smartphone, tablette ou t\u00e9l\u00e9vision connect\u00e9e) lorsque vous naviguez sur les pages ou dans l&rsquo;application, et qui servent \u00e0 stocker des informations relatives \u00e0 votre visite. Comme la plupart des sites Internet, le portail web d&rsquo;Atlas Scent utilise des cookies pour : <\/p>\n<ul>\n<li>S&rsquo;assurer que les sites web fonctionnent correctement<\/li>\n<li>Enregistrer vos pr\u00e9f\u00e9rences, telles que la langue que vous avez choisie ou la taille de la police.<\/li>\n<li>En savoir plus sur votre exp\u00e9rience de navigation.<\/li>\n<li>Recueillir des informations statistiques anonymes, telles que les pages que vous avez consult\u00e9es ou le temps que vous avez pass\u00e9 sur nos sites.<\/li>\n<\/ul>\n<p>L&rsquo;utilisation de cookies nous permet d&rsquo;optimiser votre navigation en adaptant les informations et les services propos\u00e9s \u00e0 vos centres d&rsquo;int\u00e9r\u00eat, afin de vous offrir une meilleure exp\u00e9rience \u00e0 chaque fois que vous visitez notre site. Le site web d&rsquo;Atlas Scent utilise des cookies pour fonctionner, s&rsquo;adapter et faciliter au maximum la navigation de l&rsquo;utilisateur. <\/p>\n<p>Les cookies sont uniquement associ\u00e9s \u00e0 un utilisateur anonyme et \u00e0 son ordinateur\/appareil et ne fournissent aucune information permettant d&rsquo;identifier des donn\u00e9es \u00e0 caract\u00e8re personnel. Vous pouvez \u00e0 tout moment acc\u00e9der aux param\u00e8tres de votre navigateur pour modifier et\/ou bloquer l&rsquo;installation des cookies envoy\u00e9s par le site web d&rsquo;Atlas Scent, sans que cela n&#8217;emp\u00eache l&rsquo;acc\u00e8s aux contenus. Toutefois, la qualit\u00e9 de fonctionnement des services peut s&rsquo;en trouver affect\u00e9e.  <\/p>\n<h3>POURQUOI LES COOKIES SONT-ILS IMPORTANTS ?<\/h3>\n<ul>\n<li>D&rsquo;un point de vue technique, ils permettent au site web de fonctionner de mani\u00e8re plus fluide et mieux adapt\u00e9e aux pr\u00e9f\u00e9rences des utilisateurs, par exemple en enregistrant la langue, la devise du pays ou en d\u00e9tectant l&rsquo;appareil utilis\u00e9 pour acc\u00e9der au site.<\/li>\n<li>Ils \u00e9tablissent des niveaux de protection et de s\u00e9curit\u00e9 qui emp\u00eachent ou compliquent les cyberattaques contre le site web ou ses utilisateurs.<\/li>\n<li>Elles permettent aux gestionnaires de sites web de consulter les donn\u00e9es statistiques recueillies par les cookies afin d&rsquo;am\u00e9liorer la qualit\u00e9 et l&rsquo;exp\u00e9rience de leurs services.<\/li>\n<li>Ils permettent d&rsquo;optimiser les publicit\u00e9s que nous proposons aux utilisateurs, en leur proposant celles qui correspondent le mieux \u00e0 leurs centres d&rsquo;int\u00e9r\u00eat.<\/li>\n<\/ul>\n<h3>QUELS TYPES DE COOKIES UTILISONS-NOUS CHEZ Atlas Scent ?<\/h3>\n<ol>\n<li> <strong>Analyses:<\/strong> \u00c0 des fins de maintenance p\u00e9riodique et afin de garantir le meilleur service possible \u00e0 l&rsquo;utilisateur, ce site web utilise des cookies \u00ab d&rsquo;analyse \u00bb pour collecter des statistiques d&rsquo;activit\u00e9. Les informations recueillies sont dans tous les cas anonymes, et il n&rsquo;est pas possible d&rsquo;\u00e9tablir un lien entre les habitudes de navigation et des personnes physiques. L&rsquo;utilisateur peut exclure son activit\u00e9 individuelle \u00e0 l&rsquo;aide des syst\u00e8mes d&rsquo;exclusion fournis par les propres fournisseurs des syst\u00e8mes d&rsquo;analyse qui utilisent ces cookies, tels que Google Analytics. Il est possible que ce site web utilise plusieurs de ces syst\u00e8mes ; vous pouvez consulter la liste compl\u00e8te dans la liste des cookies \u00e0 la fin de ce document.   <\/li>\n<li><strong>Autres cookies \u00e0 usage interne:<\/strong> en outre, ce site web peut utiliser divers cookies pour maintenir les sessions des utilisateurs entre les diff\u00e9rentes connexions aux espaces priv\u00e9s ou d&rsquo;autogestion mis \u00e0 disposition. Leur d\u00e9sactivation entra\u00eene g\u00e9n\u00e9ralement des d\u00e9sagr\u00e9ments pour l&rsquo;utilisateur sous la forme de fonctionnalit\u00e9s bloqu\u00e9es ; il s&rsquo;agit donc de cookies n\u00e9cessaires au bon fonctionnement de ce site. L\u00e0 encore, vous pouvez consulter la liste compl\u00e8te dans la liste des cookies figurant \u00e0 la fin de ce document.  <\/li>\n<li><strong>Cookies utilis\u00e9s par les r\u00e9seaux sociaux:<\/strong> en outre, dans la mesure o\u00f9 des plugins sociaux sont utilis\u00e9s, ce site web peut \u00eatre reli\u00e9 \u00e0 diff\u00e9rents r\u00e9seaux sociaux, tels que Facebook, afin de permettre \u00e0 l&rsquo;utilisateur de partager avec son cercle social les contenus qui l&rsquo;int\u00e9ressent. Dans la liste des cookies figurant \u00e0 la fin du pr\u00e9sent document, vous pouvez consulter les cookies install\u00e9s et les r\u00e9seaux sociaux correspondants. <\/li>\n<li><strong>Cookies utilis\u00e9s par les modules compl\u00e9mentaires de contenu externes:<\/strong> ce site web peut utiliser des modules compl\u00e9mentaires permettant d&rsquo;afficher du contenu, comme par exemple Google Maps pour afficher des emplacements g\u00e9ographiques. Leur utilisation implique parfois l&rsquo;envoi de certains cookies, qui sont d\u00e9taill\u00e9s dans la liste figurant \u00e0 la fin du document. Certains de ces cookies sont install\u00e9s et g\u00e9r\u00e9s par les fournisseurs de ces modules compl\u00e9mentaires, et ce site web n&rsquo;y a pas acc\u00e8s.  <\/li>\n<li><strong>Cookies tiers destin\u00e9s \u00e0 la personnalisation des espaces publicitaires:<\/strong> ce site web peut recourir \u00e0 des serveurs publicitaires et, par cons\u00e9quent, \u00e0 des cookies qui y sont li\u00e9s afin d&rsquo;\u00e9tablir des profils en fonction des pr\u00e9f\u00e9rences et du comportement des utilisateurs. Le cas \u00e9ch\u00e9ant, ces cookies seront d\u00e9taill\u00e9s dans la liste figurant \u00e0 la fin du pr\u00e9sent document ; ils ne seront pas install\u00e9s si, apr\u00e8s avoir \u00e9t\u00e9 inform\u00e9 lors de son acc\u00e8s au site, l&rsquo;utilisateur n&rsquo;accepte pas la politique en mati\u00e8re de cookies et ne poursuit donc pas sa navigation. <\/li>\n<\/ol>\n<h3>LISTE ET DESCRIPTION DES COOKIES. NIVEAUX D&rsquo;INTRUSIVIT\u00c9 <\/h3>\n<p><strong> <\/strong>Le tableau ci-dessous pr\u00e9sente les cookies mentionn\u00e9s plus haut, en y ajoutant un crit\u00e8re de \u00ab niveau d&rsquo;intrusion \u00bb sur une \u00e9chelle de 1 \u00e0 3, o\u00f9 :<\/p>\n<p><strong>Niveau 1:<\/strong> correspond aux cookies \u00e0 usage interne indispensables au fonctionnement du site web et, par cons\u00e9quent, \u00e0 la fourniture du service demand\u00e9 par l&rsquo;utilisateur, ainsi qu&rsquo;aux cookies g\u00e9r\u00e9s par des tiers dans le seul but de permettre le bon fonctionnement des modules compl\u00e9mentaires de contenu externes et, par cons\u00e9quent, n\u00e9cessaires \u00e0 la bonne visualisation de ce site web.<br \/><strong>Niveau 2:<\/strong> correspond aux cookies anonymes, analytiques et \u00e0 usage interne, n\u00e9cessaires \u00e0 la maintenance du contenu et \u00e0 la navigation, et g\u00e9r\u00e9s exclusivement par ce site web.<\/p>\n<p><strong>Niveau 3:<\/strong> il s&rsquo;agit de cookies g\u00e9r\u00e9s par des tiers qui permettent de suivre l&rsquo;utilisateur sur d&rsquo;autres sites web ou services.<\/p>\n<p>&nbsp;<\/p>\n<p style=\"text-align: center;\"><strong>TABLEAU DES COOKIES UTILIS\u00c9S SUR CE SITE WEB, AVEC MENTION DU RESPONSABLE DE LEUR TRAITEMENT LORSQU&rsquo;IL S&rsquo;AGIT D&rsquo;UN TIERS<\/strong><\/p>\n<table>\n<thead>\n<tr>\n<th>Nom du cookie<\/th>\n<th>Fournisseur<\/th>\n<th>Objectif<\/th>\n<th>Dur\u00e9e de validit\u00e9<\/th>\n<th>Type<\/th>\n<\/tr>\n<\/thead>\n<tbody>\n<tr>\n<td data-label=\"Nombre de la Cookie\">_ga<\/td>\n<td data-label=\"Proveedor\">Google Analytics<\/td>\n<td data-label=\"Prop\u00f3sito\">Utilis\u00e9 pour identifier les utilisateurs.<\/td>\n<td data-label=\"Caducidad\">2 ans<\/td>\n<td data-label=\"Tipo\">Analytique<\/td>\n<\/tr>\n<tr>\n<td data-label=\"Nombre de la Cookie\">_ga_*<\/td>\n<td data-label=\"Proveedor\">Google Analytics<\/td>\n<td data-label=\"Prop\u00f3sito\">Utilis\u00e9 pour identifier les utilisateurs.<\/td>\n<td data-label=\"Caducidad\">2 ans<\/td>\n<td data-label=\"Tipo\">Analytique<\/td>\n<\/tr>\n<tr>\n<td data-label=\"Nombre de la Cookie\">cc_cookie<\/td>\n<td data-label=\"Proveedor\">Propre<\/td>\n<td data-label=\"Prop\u00f3sito\">Cookie qui enregistre la variable d&rsquo;acceptation des cookies<\/td>\n<td data-label=\"Caducidad\">6 mois<\/td>\n<td data-label=\"Tipo\">N\u00e9cessaire<\/td>\n<\/tr>\n<\/tbody>\n<\/table>\n<h3><\/h3>\n<h3>COMMENT PUIS-JE D\u00c9SACTIVER OU SUPPRIMER CES COOKIES ?<\/h3>\n<p>L&rsquo;utilisateur peut \u00e0 tout moment choisir les cookies qu&rsquo;il souhaite voir fonctionner sur ce site web, par exemple en modifiant les param\u00e8tres de son navigateur :<\/p>\n<p><em>Internet Explorer: <\/em><a href=\"https:\/\/privacy.microsoft.com\/es-es\/privacystatement\" rel=\"nofollow noopener\" target=\"_blank\"><em>https:\/\/privacy.microsoft.com\/es-es\/privacystatement<\/em><\/a><\/p>\n<p><em>Safari:<\/em> <a href=\"https:\/\/www.apple.com\/legal\/privacy\/es\/cookies\/\" rel=\"nofollow noopener\" target=\"_blank\"><em>https:\/\/www.apple.com\/legal\/privacy\/es\/cookies\/<\/em><\/a><\/p>\n<p><em>Google Chrome: <\/em><a href=\"https:\/\/support.google.com\/chrome\/answer\/95647?hl=es&amp;hlrm=en\" rel=\"nofollow noopener\" target=\"_blank\"><em>https:\/\/support.google.com\/chrome\/answer\/95647?hl=es&amp;hlrm=en<\/em><\/a><\/p>\n<p><em>Google: <\/em><a href=\"https:\/\/www.google.com\/intl\/es\/policies\/privacy\/\" rel=\"nofollow noopener\" target=\"_blank\"><em>https:\/\/www.google.com\/intl\/es\/policies\/privacy\/<\/em><\/a><\/p>\n<p><em>Firefox: <\/em><a href=\"http:\/\/support.mozilla.org\/es\/kb\/Borrar%20cookies\" rel=\"nofollow noopener\" target=\"_blank\"><em>http:\/\/support.mozilla.org\/es\/kb\/Borrar%20cookies<\/em><\/a><\/p>\n<p><em>Opera: <\/em><a href=\"https:\/\/www.opera.com\/es\/privacy\" rel=\"nofollow noopener\" target=\"_blank\"><em>https:\/\/www.opera.com\/es\/privacy<\/em><\/a><\/p>\n<p><em>Android (Google): <\/em><a href=\"https:\/\/www.google.com\/intl\/es\/policies\/privacy\/\" rel=\"nofollow noopener\" target=\"_blank\"><em>https:\/\/www.google.com\/intl\/es\/policies\/privacy\/<\/em><\/a><\/p>\n<p><em>Windows Phone (Microsoft): <\/em><a href=\"https:\/\/privacy.microsoft.com\/es-es\/privacystatement\" rel=\"nofollow noopener\" target=\"_blank\"><em>https:\/\/privacy.microsoft.com\/es-es\/privacystatement<\/em><\/a><\/p>\n<h3>QUE SE PASSE-T-IL SI LES COOKIES SONT D\u00c9SACTIV\u00c9S ?<\/h3>\n<p>Certaines fonctionnalit\u00e9s des Services seront d\u00e9sactiv\u00e9es.<\/p>\n<h3>MISE \u00c0 JOUR DE NOTRE POLITIQUE EN MATI\u00c8RE DE COOKIES<\/h3>\n<p>Il est possible que nous mettions \u00e0 jour la politique en mati\u00e8re de cookies de notre site web ; c&rsquo;est pourquoi nous vous recommandons de consulter cette politique chaque fois que vous acc\u00e9dez au site afin d&rsquo;\u00eatre correctement inform\u00e9 de la mani\u00e8re dont nous utilisons les cookies et \u00e0 quelles fins.<\/p>\n<p>[\/et_pb_text][\/et_pb_column][\/et_pb_row][\/et_pb_section]<\/p>\n","protected":false},"excerpt":{"rendered":"<p><nav aria-label=\"breadcrumbs\" class=\"rank-math-breadcrumb\"><p><span class=\"last\">Inicio<\/span><\/p><\/nav>La pr\u00e9sente politique en mati\u00e8re de cookies explique ce que sont les cookies et comment nous les utilisons, les types de cookies que nous utilisons, c&rsquo;est-\u00e0-dire les informations que nous recueillons \u00e0 l&rsquo;aide des cookies et la mani\u00e8re dont ces informations sont utilis\u00e9es, ainsi que la mani\u00e8re de g\u00e9rer vos pr\u00e9f\u00e9rences en mati\u00e8re de cookies. [&hellip;]<\/p>\n","protected":false},"author":1,"featured_media":0,"parent":0,"menu_order":0,"comment_status":"closed","ping_status":"closed","template":"","meta":{"_et_pb_use_builder":"on","_et_pb_old_content":"","_et_gb_content_width":"","footnotes":""},"class_list":["post-11503","page","type-page","status-publish","hentry"],"_links":{"self":[{"href":"https:\/\/atlasscent.com\/fr\/wp-json\/wp\/v2\/pages\/11503","targetHints":{"allow":["GET"]}}],"collection":[{"href":"https:\/\/atlasscent.com\/fr\/wp-json\/wp\/v2\/pages"}],"about":[{"href":"https:\/\/atlasscent.com\/fr\/wp-json\/wp\/v2\/types\/page"}],"author":[{"embeddable":true,"href":"https:\/\/atlasscent.com\/fr\/wp-json\/wp\/v2\/users\/1"}],"replies":[{"embeddable":true,"href":"https:\/\/atlasscent.com\/fr\/wp-json\/wp\/v2\/comments?post=11503"}],"version-history":[{"count":2,"href":"https:\/\/atlasscent.com\/fr\/wp-json\/wp\/v2\/pages\/11503\/revisions"}],"predecessor-version":[{"id":11505,"href":"https:\/\/atlasscent.com\/fr\/wp-json\/wp\/v2\/pages\/11503\/revisions\/11505"}],"wp:attachment":[{"href":"https:\/\/atlasscent.com\/fr\/wp-json\/wp\/v2\/media?parent=11503"}],"curies":[{"name":"wp","href":"https:\/\/api.w.org\/{rel}","templated":true}]}}