{"id":11494,"date":"2020-03-06T08:16:51","date_gmt":"2020-03-06T07:16:51","guid":{"rendered":"https:\/\/atlasscent.com\/mentions-legales\/"},"modified":"2026-05-13T09:26:52","modified_gmt":"2026-05-13T07:26:52","slug":"mentions-legales","status":"publish","type":"page","link":"https:\/\/atlasscent.com\/fr\/mentions-legales\/","title":{"rendered":"Mentions l\u00e9gales"},"content":{"rendered":"<p>[et_pb_section fb_built=\u00a0\u00bb1&Prime; admin_label=\u00a0\u00bbBreadcrumbs\u00a0\u00bb module_id=\u00a0\u00bbbreadcrumbs\u00a0\u00bb _builder_version=\u00a0\u00bb4.27.6&Prime; background_color=\u00a0\u00bb#f8f7f3&Prime; custom_padding=\u00a0\u00bb0px||0px||false|false\u00a0\u00bb global_module=\u00a0\u00bb3246&Prime; locked=\u00a0\u00bboff\u00a0\u00bb collapsed=\u00a0\u00bbon\u00a0\u00bb global_colors_info=\u00a0\u00bb{}\u00a0\u00bb][et_pb_row _builder_version=\u00a0\u00bb4.27.6&Prime; width=\u00a0\u00bb90%\u00a0\u00bb custom_padding=\u00a0\u00bb0px||8px||false|false\u00a0\u00bb global_colors_info=\u00a0\u00bb{}\u00a0\u00bb][et_pb_column type=\u00a0\u00bb4_4&Prime; _builder_version=\u00a0\u00bb4.16&Prime; global_colors_info=\u00a0\u00bb{}\u00a0\u00bb][et_pb_code _builder_version=\u00a0\u00bb4.27.6&Prime; text_orientation=\u00a0\u00bbleft\u00a0\u00bb locked=\u00a0\u00bboff\u00a0\u00bb global_colors_info=\u00a0\u00bb{}\u00a0\u00bb]<nav aria-label=\"breadcrumbs\" class=\"rank-math-breadcrumb\"><p><span class=\"last\">Inicio<\/span><\/p><\/nav>[\/et_pb_code][\/et_pb_column][\/et_pb_row][\/et_pb_section][et_pb_section fb_built=\u00a0\u00bb1&Prime; module_class=\u00a0\u00bbseccion\u00a0\u00bb _builder_version=\u00a0\u00bb4.27.0&Prime; vertical_offset_tablet=\u00a0\u00bb0&Prime; horizontal_offset_tablet=\u00a0\u00bb0&Prime; custom_padding=\u00a0\u00bb0px||0px||false|false\u00a0\u00bb z_index_tablet=\u00a0\u00bb0&Prime; box_shadow_horizontal_tablet=\u00a0\u00bb0px\u00a0\u00bb box_shadow_vertical_tablet=\u00a0\u00bb0px\u00a0\u00bb box_shadow_blur_tablet=\u00a0\u00bb40px\u00a0\u00bb box_shadow_spread_tablet=\u00a0\u00bb0px\u00a0\u00bb global_colors_info=\u00a0\u00bb{}\u00a0\u00bb][et_pb_row _builder_version=\u00a0\u00bb4.16&Prime; background_size=\u00a0\u00bbinitial\u00a0\u00bb background_position=\u00a0\u00bbtop_left\u00a0\u00bb background_repeat=\u00a0\u00bbrepeat\u00a0\u00bb global_colors_info=\u00a0\u00bb{}\u00a0\u00bb][et_pb_column type=\u00a0\u00bb4_4&Prime; _builder_version=\u00a0\u00bb4.16&Prime; custom_padding=\u00a0\u00bb|||\u00a0\u00bb global_colors_info=\u00a0\u00bb{}\u00a0\u00bb custom_padding__hover=\u00a0\u00bb|||\u00a0\u00bb][et_pb_post_title meta=\u00a0\u00bboff\u00a0\u00bb featured_image=\u00a0\u00bboff\u00a0\u00bb module_class=\u00a0\u00bbtitulo-pagina\u00a0\u00bb _builder_version=\u00a0\u00bb4.16&Prime; vertical_offset_tablet=\u00a0\u00bb0&Prime; horizontal_offset_tablet=\u00a0\u00bb0&Prime; z_index_tablet=\u00a0\u00bb0&Prime; title_text_shadow_horizontal_length_tablet=\u00a0\u00bb0px\u00a0\u00bb title_text_shadow_vertical_length_tablet=\u00a0\u00bb0px\u00a0\u00bb title_text_shadow_blur_strength_tablet=\u00a0\u00bb1px\u00a0\u00bb meta_text_shadow_horizontal_length_tablet=\u00a0\u00bb0px\u00a0\u00bb meta_text_shadow_vertical_length_tablet=\u00a0\u00bb0px\u00a0\u00bb meta_text_shadow_blur_strength_tablet=\u00a0\u00bb1px\u00a0\u00bb box_shadow_horizontal_tablet=\u00a0\u00bb0px\u00a0\u00bb box_shadow_vertical_tablet=\u00a0\u00bb0px\u00a0\u00bb box_shadow_blur_tablet=\u00a0\u00bb40px\u00a0\u00bb box_shadow_spread_tablet=\u00a0\u00bb0px\u00a0\u00bb text_shadow_horizontal_length_tablet=\u00a0\u00bb0px\u00a0\u00bb text_shadow_vertical_length_tablet=\u00a0\u00bb0px\u00a0\u00bb text_shadow_blur_strength_tablet=\u00a0\u00bb1px\u00a0\u00bb global_colors_info=\u00a0\u00bb{}\u00a0\u00bb][\/et_pb_post_title][et_pb_text _builder_version=\u00a0\u00bb4.16&Prime; background_size=\u00a0\u00bbinitial\u00a0\u00bb background_position=\u00a0\u00bbtop_left\u00a0\u00bb background_repeat=\u00a0\u00bbrepeat\u00a0\u00bb hover_enabled=\u00a0\u00bb0&Prime; global_colors_info=\u00a0\u00bb{}\u00a0\u00bb sticky_enabled=\u00a0\u00bb0&Prime;]<\/p>\n<p>Atlas Scent se r\u00e9serve le droit de modifier toute information figurant sur le site web, sans obligation de pr\u00e9avis ni de notification aux utilisateurs, la publication sur le site web d&rsquo;Atlas Scent \u00e9tant consid\u00e9r\u00e9e comme suffisante.<\/p>\n<p>Conform\u00e9ment \u00e0 l&rsquo;article 10 de la loi n\u00b0 34\/2002 du 11 juillet relative aux services de la soci\u00e9t\u00e9 de l&rsquo;information et au commerce \u00e9lectronique, voici les coordonn\u00e9es de la soci\u00e9t\u00e9 propri\u00e9taire du domaine atlasscent.com\/ :<\/p>\n<h2>Donn\u00e9es d&rsquo;identification<\/h2>\n<p>Nom de domaine : <strong>atlasscent.com\/<\/strong><br \/>Raison sociale : <strong>Abderrahman Rahmani Zekari<\/strong><br \/>Num\u00e9ro d&rsquo;identification fiscale : <strong>75141019L<\/strong><br \/>Si\u00e8ge social : Adresse fiscale : <strong>Calle El Greco, 19. 18151 \u2013 Og\u00edjares (Grenade)<\/strong><br \/>T\u00e9l\u00e9phone : <strong>696 42 92 58<\/strong><br \/>E-mail : <strong>info@atlasscent.com<\/strong><\/p>\n<p>Toutes les notifications et communications entre les utilisateurs et Atlas Scent seront consid\u00e9r\u00e9es comme valables, \u00e0 tous \u00e9gards, lorsqu&rsquo;elles seront effectu\u00e9es par courrier postal ou par tout autre moyen mentionn\u00e9 ci-dessus.<\/p>\n<h2>Utilisateurs<\/h2>\n<p>L&rsquo;acc\u00e8s et\/ou l&rsquo;utilisation de ce portail du PROPRI\u00c9TAIRE DU SITE WEB, cr\u00e9ateur du site, conf\u00e8re la qualit\u00e9 d&rsquo;UTILISATEUR \u00e0 toute personne qui, d\u00e8s cet acc\u00e8s et\/ou cette utilisation, accepte les Conditions g\u00e9n\u00e9rales d&rsquo;utilisation \u00e9nonc\u00e9es dans les pr\u00e9sentes. Lesdites conditions s&rsquo;appliquent ind\u00e9pendamment des Conditions g\u00e9n\u00e9rales de vente qui, le cas \u00e9ch\u00e9ant, seraient d&rsquo;application obligatoire. <\/p>\n<h2>Utilisation du portail<\/h2>\n<p>Le site web et ses services sont librement accessibles et gratuits ; toutefois, Atlas Scent subordonne l&rsquo;utilisation de certains des services propos\u00e9s sur son site web au remplissage pr\u00e9alable du formulaire correspondant, afin de devenir utilisateur du portail.<\/p>\n<p>L&rsquo;utilisateur garantit l&rsquo;authenticit\u00e9 et l&rsquo;actualit\u00e9 de toutes les donn\u00e9es qu&rsquo;il communique \u00e0 Atlas Scent et sera seul responsable des d\u00e9clarations fausses ou inexactes qu&rsquo;il ferait.<\/p>\n<p>L&rsquo;utilisateur s&rsquo;engage express\u00e9ment \u00e0 faire un usage appropri\u00e9 des contenus et des services d&rsquo;Atlas Scent et \u00e0 ne pas les utiliser, entre autres, pour :<\/p>\n<ol>\n<li>Diffuser des contenus \u00e0 caract\u00e8re criminel, violent, pornographique, raciste, x\u00e9nophobe, offensant, faisant l&rsquo;apologie du terrorisme ou, d&rsquo;une mani\u00e8re g\u00e9n\u00e9rale, contraires \u00e0 la loi ou \u00e0 l&rsquo;ordre public.<\/li>\n<li>Introduire des virus informatiques dans le r\u00e9seau, ou mener des actions susceptibles d&rsquo;alt\u00e9rer, d&rsquo;endommager, d&rsquo;interrompre ou de g\u00e9n\u00e9rer des erreurs ou des dommages dans les documents \u00e9lectroniques, les donn\u00e9es ou les syst\u00e8mes physiques et logiques d&rsquo;Atlas Scent ou de tiers ; ainsi qu&rsquo;entraver l&rsquo;acc\u00e8s d&rsquo;autres utilisateurs au site web et \u00e0 ses services par une utilisation massive des ressources informatiques par lesquelles Atlas Scent fournit ses services.<\/li>\n<li>Tenter d&rsquo;acc\u00e9der aux comptes de messagerie \u00e9lectronique d&rsquo;autres utilisateurs ou \u00e0 des zones r\u00e9serv\u00e9es des syst\u00e8mes informatiques d&rsquo;Atlas Scent ou de tiers et, le cas \u00e9ch\u00e9ant, d&rsquo;en extraire des informations.<\/li>\n<li>Enfreindre les droits de propri\u00e9t\u00e9 intellectuelle ou industrielle, ainsi que violer la confidentialit\u00e9 des informations d&rsquo;Atlas Scent ou de tiers.<\/li>\n<li>Usurper l&rsquo;identit\u00e9 d&rsquo;un autre utilisateur, des administrations publiques ou d&rsquo;un tiers.<\/li>\n<li>Reproduire, copier, distribuer, mettre \u00e0 disposition ou communiquer publiquement de toute autre mani\u00e8re, transformer ou modifier les contenus, sauf autorisation du titulaire des droits correspondants ou si cela est l\u00e9galement autoris\u00e9.<\/li>\n<li>Collecter des donn\u00e9es \u00e0 des fins publicitaires et envoyer des publicit\u00e9s de toute nature ainsi que des communications \u00e0 des fins commerciales ou autres, sans demande pr\u00e9alable ni consentement de votre part.<\/li>\n<\/ol>\n<h2>En savoir plus sur notre politique de confidentialit\u00e9<\/h2>\n<p>Si vous souhaitez obtenir plus d&rsquo;informations sur notre politique de confidentialit\u00e9, vous pouvez cliquer sur le lien suivant sur notre site web (veuillez ins\u00e9rer ici le lien vers la politique de confidentialit\u00e9 de deuxi\u00e8me niveau que nous vous avons envoy\u00e9e)<\/p>\n<h2>Propri\u00e9t\u00e9 intellectuelle et industrielle<\/h2>\n<p>Conform\u00e9ment aux dispositions de la l\u00e9gislation en vigueur en mati\u00e8re de propri\u00e9t\u00e9 intellectuelle, sont express\u00e9ment interdites la reproduction, la distribution et la communication au public, y compris la mise \u00e0 disposition, de tout ou partie des contenus, tels que les textes, photographies, graphiques, images, ic\u00f4nes, technologies, logiciels, ainsi que la conception graphique et les codes sources, de ce site web, \u00e0 des fins commerciales, sur tout support et par tout moyen technique, sans l&rsquo;autorisation d&rsquo;Atlas Scent<\/p>\n<p>L&rsquo;ensemble du contenu du site web constitue une \u0153uvre dont Atlas Scent d\u00e9tient la propri\u00e9t\u00e9, sans qu&rsquo;aucun droit d&rsquo;exploitation sur celui-ci ne puisse \u00eatre consid\u00e9r\u00e9 comme c\u00e9d\u00e9 \u00e0 l&rsquo;utilisateur, au-del\u00e0 de ce qui est strictement n\u00e9cessaire \u00e0 la bonne utilisation du site.<\/p>\n<p>En r\u00e9sum\u00e9, les utilisateurs qui acc\u00e8dent \u00e0 ce site web peuvent consulter son contenu et, le cas \u00e9ch\u00e9ant, en faire des copies priv\u00e9es autoris\u00e9es, \u00e0 condition que les \u00e9l\u00e9ments reproduits ne soient pas c\u00e9d\u00e9s ult\u00e9rieurement \u00e0 des tiers, ni install\u00e9s sur des serveurs connect\u00e9s \u00e0 des r\u00e9seaux, ni fassent l&rsquo;objet d&rsquo;une quelconque exploitation commerciale.<\/p>\n<p>De m\u00eame, toutes les marques, noms commerciaux ou signes distinctifs de toute nature figurant sur le site web sont la propri\u00e9t\u00e9 d&rsquo;Atlas Scent, sans que l&rsquo;utilisation ou l&rsquo;acc\u00e8s \u00e0 celui-ci ne puisse \u00eatre interpr\u00e9t\u00e9 comme conf\u00e9rant \u00e0 l&rsquo;utilisateur un quelconque droit sur ceux-ci.<\/p>\n<p>La cr\u00e9ation d&rsquo;un lien hypertexte n&rsquo;implique en aucun cas l&rsquo;existence de relations entre Atlas Scent et le propri\u00e9taire du site web sur lequel il est \u00e9tabli, ni l&rsquo;acceptation et l&rsquo;approbation par Atlas Scent de ses contenus ou services. Les personnes souhaitant cr\u00e9er un lien hypertexte doivent au pr\u00e9alable demander l&rsquo;autorisation \u00e9crite d&rsquo;Atlas Scent. Dans tous les cas, le lien hypertexte ne permettra l&rsquo;acc\u00e8s qu&rsquo;\u00e0 la page d&rsquo;accueil de notre site web ; de m\u00eame, il est interdit de faire des d\u00e9clarations ou des indications fausses, inexactes ou incorrectes concernant Atlas Scent, ou d&rsquo;inclure des contenus illicites, contraires aux bonnes m\u0153urs et \u00e0 l&rsquo;ordre public. <\/p>\n<p>Atlas Scent d\u00e9cline toute responsabilit\u00e9 quant \u00e0 l&rsquo;utilisation que chaque utilisateur fait des documents mis \u00e0 disposition sur ce site web, ainsi qu&rsquo;aux actions qu&rsquo;il entreprend sur la base de ceux-ci.<\/p>\n<h2>Exclusion de garanties et de responsabilit\u00e9<\/h2>\n<p>Le contenu du pr\u00e9sent site web est de nature g\u00e9n\u00e9rale et a un but purement informatif ; l&rsquo;acc\u00e8s \u00e0 l&rsquo;ensemble des contenus n&rsquo;est pas pleinement garanti, pas plus que leur exhaustivit\u00e9, leur exactitude, leur validit\u00e9 ou leur actualit\u00e9, ni leur ad\u00e9quation ou leur utilit\u00e9 pour un objectif sp\u00e9cifique.<\/p>\n<p>Atlas Scent d\u00e9cline, dans les limites autoris\u00e9es par la loi, toute responsabilit\u00e9 pour les dommages et pr\u00e9judices de toute nature r\u00e9sultant :<\/p>\n<ol>\n<li>L&rsquo;impossibilit\u00e9 d&rsquo;acc\u00e9der au site web ou le manque de v\u00e9racit\u00e9, d&rsquo;exactitude, d&rsquo;exhaustivit\u00e9 et\/ou d&rsquo;actualit\u00e9 des contenus, ainsi que l&rsquo;existence de vices et de d\u00e9fauts de toute nature dans les contenus transmis, diffus\u00e9s, stock\u00e9s, mis \u00e0 disposition ou consult\u00e9s via le site web ou les services propos\u00e9s.<\/li>\n<li>La pr\u00e9sence de virus ou d&rsquo;autres \u00e9l\u00e9ments dans les contenus susceptibles de causer des dysfonctionnements dans les syst\u00e8mes informatiques, les documents \u00e9lectroniques ou les donn\u00e9es des utilisateurs.<\/li>\n<li>Le non-respect des lois, de la bonne foi, de l&rsquo;ordre public, des usages commerciaux et de la pr\u00e9sente mention l\u00e9gale r\u00e9sultant d&rsquo;une utilisation abusive du site web. En particulier, et \u00e0 titre d&rsquo;exemple, Atlas Scent d\u00e9cline toute responsabilit\u00e9 quant aux agissements de tiers qui enfreignent les droits de propri\u00e9t\u00e9 intellectuelle et industrielle, les secrets d&rsquo;affaires, les droits \u00e0 l&rsquo;honneur, \u00e0 la vie priv\u00e9e, \u00e0 la vie familiale et \u00e0 l&rsquo;image, ainsi que la r\u00e9glementation en mati\u00e8re de concurrence d\u00e9loyale et de publicit\u00e9 illicite. <\/li>\n<\/ol>\n<h2>Modification des pr\u00e9sentes conditions et dur\u00e9e<\/h2>\n<p>Atlas Scent se r\u00e9serve le droit de modifier \u00e0 tout moment les conditions \u00e9nonc\u00e9es dans les pr\u00e9sentes, lesquelles seront d\u00fbment publi\u00e9es telles qu&rsquo;elles apparaissent ici. La validit\u00e9 desdites conditions d\u00e9pendra de leur publication et elles resteront en vigueur jusqu&rsquo;\u00e0 ce qu&rsquo;elles soient remplac\u00e9es par d&rsquo;autres conditions d\u00fbment publi\u00e9es. <\/p>\n<h2>Liens<\/h2>\n<p>Atlas Scent d\u00e9cline toute responsabilit\u00e9 concernant les informations qui se trouvent en dehors de ce site web et qui ne sont pas g\u00e9r\u00e9es directement par notre webmaster. Les liens figurant sur ce site web ont pour seule fonction d&rsquo;informer l&rsquo;utilisateur de l&rsquo;existence d&rsquo;autres sources susceptibles d&rsquo;enrichir les contenus propos\u00e9s par ce site. Atlas Scent ne garantit pas et n&rsquo;est pas responsable du fonctionnement ou de l&rsquo;accessibilit\u00e9 des sites li\u00e9s. Elle ne sugg\u00e8re, n&rsquo;invite ni ne recommande la visite de ces sites, et ne sera donc pas non plus responsable des r\u00e9sultats obtenus. Atlas Scent n&rsquo;est pas responsable de la cr\u00e9ation de liens hypertextes par des tiers.    <\/p>\n<h2>Droit d&rsquo;exclusion<\/h2>\n<p>Atlas Scent se r\u00e9serve le droit de refuser ou de retirer l&rsquo;acc\u00e8s au portail et\/ou aux services propos\u00e9s sans pr\u00e9avis, de sa propre initiative ou \u00e0 la demande d&rsquo;un tiers, aux utilisateurs qui ne respecteraient pas les pr\u00e9sentes conditions g\u00e9n\u00e9rales d&rsquo;utilisation du portail.<\/p>\n<h2>G\u00e9n\u00e9ralit\u00e9s<\/h2>\n<p>Si un utilisateur ou un tiers estime qu&rsquo;il existe des faits ou des circonstances r\u00e9v\u00e9lant le caract\u00e8re illicite de l&rsquo;utilisation d&rsquo;un contenu quelconque et\/ou de la r\u00e9alisation d&rsquo;une activit\u00e9 quelconque sur les pages web incluses ou accessibles via le site web, il doit adresser une notification \u00e0 Atlas Scent, en s&rsquo;identifiant d\u00fbment, en pr\u00e9cisant les infractions pr\u00e9sum\u00e9es et en d\u00e9clarant express\u00e9ment et sous sa responsabilit\u00e9 que les informations fournies dans la notification sont exactes.<\/p>\n<h2>Publications<\/h2>\n<p>Les informations administratives fournies sur ce site web ne remplacent pas la publication officielle des lois, r\u00e8glements, plans, dispositions g\u00e9n\u00e9rales et actes qui doivent \u00eatre publi\u00e9s formellement dans les journaux officiels des administrations publiques, lesquels constituent le seul instrument faisant foi de leur authenticit\u00e9 et de leur contenu. Les informations disponibles sur ce site web doivent \u00eatre consid\u00e9r\u00e9es comme un guide. <\/p>\n<h2>Loi applicable et juridiction comp\u00e9tente<\/h2>\n<p>Les pr\u00e9sentes conditions sont r\u00e9gies et interpr\u00e9t\u00e9es conform\u00e9ment \u00e0 la l\u00e9gislation espagnole pour tout ce qui n&rsquo;y est pas express\u00e9ment pr\u00e9vu. Le prestataire et l&rsquo;utilisateur conviennent de soumettre tout litige pouvant d\u00e9couler de la fourniture des produits ou services vis\u00e9s par les pr\u00e9sentes conditions aux tribunaux du lieu de r\u00e9sidence de l&rsquo;utilisateur. <\/p>\n<p>Si l&rsquo;utilisateur r\u00e9side hors d&rsquo;Espagne, le prestataire et l&rsquo;utilisateur renoncent express\u00e9ment \u00e0 tout autre juridiction et se soumettent aux tribunaux du lieu de r\u00e9sidence d&rsquo;Atlas Scent.<\/p>\n<p>[\/et_pb_text][\/et_pb_column][\/et_pb_row][\/et_pb_section]<\/p>\n","protected":false},"excerpt":{"rendered":"<p><nav aria-label=\"breadcrumbs\" class=\"rank-math-breadcrumb\"><p><span class=\"last\">Inicio<\/span><\/p><\/nav>Atlas Scent se r\u00e9serve le droit de modifier toute information figurant sur le site web, sans obligation de pr\u00e9avis ni de notification aux utilisateurs, la publication sur le site web d&rsquo;Atlas Scent \u00e9tant consid\u00e9r\u00e9e comme suffisante. Conform\u00e9ment \u00e0 l&rsquo;article 10 de la loi n\u00b0 34\/2002 du 11 juillet relative aux services de la soci\u00e9t\u00e9 de [&hellip;]<\/p>\n","protected":false},"author":1,"featured_media":0,"parent":0,"menu_order":0,"comment_status":"closed","ping_status":"closed","template":"","meta":{"_et_pb_use_builder":"on","_et_pb_old_content":"","_et_gb_content_width":"","footnotes":""},"class_list":["post-11494","page","type-page","status-publish","hentry"],"_links":{"self":[{"href":"https:\/\/atlasscent.com\/fr\/wp-json\/wp\/v2\/pages\/11494","targetHints":{"allow":["GET"]}}],"collection":[{"href":"https:\/\/atlasscent.com\/fr\/wp-json\/wp\/v2\/pages"}],"about":[{"href":"https:\/\/atlasscent.com\/fr\/wp-json\/wp\/v2\/types\/page"}],"author":[{"embeddable":true,"href":"https:\/\/atlasscent.com\/fr\/wp-json\/wp\/v2\/users\/1"}],"replies":[{"embeddable":true,"href":"https:\/\/atlasscent.com\/fr\/wp-json\/wp\/v2\/comments?post=11494"}],"version-history":[{"count":2,"href":"https:\/\/atlasscent.com\/fr\/wp-json\/wp\/v2\/pages\/11494\/revisions"}],"predecessor-version":[{"id":11496,"href":"https:\/\/atlasscent.com\/fr\/wp-json\/wp\/v2\/pages\/11494\/revisions\/11496"}],"wp:attachment":[{"href":"https:\/\/atlasscent.com\/fr\/wp-json\/wp\/v2\/media?parent=11494"}],"curies":[{"name":"wp","href":"https:\/\/api.w.org\/{rel}","templated":true}]}}