{"id":5887,"date":"2024-09-26T12:16:42","date_gmt":"2024-09-26T10:16:42","guid":{"rendered":"https:\/\/atlasscent.com\/?page_id=5887"},"modified":"2026-03-13T10:50:42","modified_gmt":"2026-03-13T09:50:42","slug":"accesibilidad","status":"publish","type":"page","link":"https:\/\/atlasscent.com\/es\/accesibilidad\/","title":{"rendered":"Accesibilidad"},"content":{"rendered":"<p>[et_pb_section fb_built=\u00bb1&#8243; admin_label=\u00bbBreadcrumbs\u00bb module_id=\u00bbbreadcrumbs\u00bb _builder_version=\u00bb4.25.1&#8243; background_color=\u00bb#cccccc\u00bb global_module=\u00bb3246&#8243; locked=\u00bboff\u00bb collapsed=\u00bboff\u00bb global_colors_info=\u00bb{}\u00bb][et_pb_row _builder_version=\u00bb4.25.1&#8243; custom_padding=\u00bb8px||8px||false|false\u00bb global_colors_info=\u00bb{}\u00bb][et_pb_column type=\u00bb4_4&#8243; _builder_version=\u00bb4.16&#8243; global_colors_info=\u00bb{}\u00bb][et_pb_code _builder_version=\u00bb4.16&#8243; locked=\u00bboff\u00bb global_colors_info=\u00bb{}\u00bb]<nav aria-label=\"breadcrumbs\" class=\"rank-math-breadcrumb\"><p><span class=\"last\">Inicio<\/span><\/p><\/nav>[\/et_pb_code][\/et_pb_column][\/et_pb_row][\/et_pb_section][et_pb_section fb_built=\u00bb1&#8243; module_class=\u00bbseccion\u00bb _builder_version=\u00bb4.16&#8243; vertical_offset_tablet=\u00bb0&#8243; horizontal_offset_tablet=\u00bb0&#8243; z_index_tablet=\u00bb0&#8243; box_shadow_horizontal_tablet=\u00bb0px\u00bb box_shadow_vertical_tablet=\u00bb0px\u00bb box_shadow_blur_tablet=\u00bb40px\u00bb box_shadow_spread_tablet=\u00bb0px\u00bb global_colors_info=\u00bb{}\u00bb][et_pb_row _builder_version=\u00bb4.16&#8243; background_size=\u00bbinitial\u00bb background_position=\u00bbtop_left\u00bb background_repeat=\u00bbrepeat\u00bb global_colors_info=\u00bb{}\u00bb][et_pb_column type=\u00bb4_4&#8243; _builder_version=\u00bb4.16&#8243; custom_padding=\u00bb|||\u00bb global_colors_info=\u00bb{}\u00bb custom_padding__hover=\u00bb|||\u00bb][et_pb_post_title meta=\u00bboff\u00bb featured_image=\u00bboff\u00bb module_class=\u00bbtitulo-pagina\u00bb _builder_version=\u00bb4.16&#8243; vertical_offset_tablet=\u00bb0&#8243; horizontal_offset_tablet=\u00bb0&#8243; z_index_tablet=\u00bb0&#8243; title_text_shadow_horizontal_length_tablet=\u00bb0px\u00bb title_text_shadow_vertical_length_tablet=\u00bb0px\u00bb title_text_shadow_blur_strength_tablet=\u00bb1px\u00bb meta_text_shadow_horizontal_length_tablet=\u00bb0px\u00bb meta_text_shadow_vertical_length_tablet=\u00bb0px\u00bb meta_text_shadow_blur_strength_tablet=\u00bb1px\u00bb box_shadow_horizontal_tablet=\u00bb0px\u00bb box_shadow_vertical_tablet=\u00bb0px\u00bb box_shadow_blur_tablet=\u00bb40px\u00bb box_shadow_spread_tablet=\u00bb0px\u00bb text_shadow_horizontal_length_tablet=\u00bb0px\u00bb text_shadow_vertical_length_tablet=\u00bb0px\u00bb text_shadow_blur_strength_tablet=\u00bb1px\u00bb global_colors_info=\u00bb{}\u00bb][\/et_pb_post_title][et_pb_text _builder_version=\u00bb4.23&#8243; background_size=\u00bbinitial\u00bb background_position=\u00bbtop_left\u00bb background_repeat=\u00bbrepeat\u00bb global_colors_info=\u00bb{}\u00bb]<\/p>\n<p><strong><b>&#8212;&#8211; BORRA TRAS SUSTITUIR &#8212;&#8211;<\/b><\/strong><\/p>\n<p><strong>[RAZ\u00d3N SOCIAL]<br \/>[DOMINIO]<br \/>[FECHA INFORME ACCESIBILIDAD]<br \/>[EMAIL_CONTACTO]<br \/>[TEL\u00c9FONO]<\/strong><\/p>\n<p><strong><b>&#8212;&#8211; BORRA TRAS SUSTITUIR &#8212;&#8211;<\/b><\/strong><\/p>\n<p><strong>[RAZ\u00d3N SOCIAL]<\/strong> se ha comprometido a hacer accesible su sitio web, de conformidad con RD 1112\/2018.<\/p>\n<p>La presente declaraci\u00f3n de accesibilidad se aplica en el sitio web <strong>[DOMINIO]<\/strong>.<\/p>\n<p><strong>Situaci\u00f3n de cumplimiento<\/strong><\/p>\n<p>Este sitio web es plenamente acorde con RD 1112\/2018.<\/p>\n<p><strong>Preparaci\u00f3n de la presente declaraci\u00f3n de accesibilidad<\/strong><\/p>\n<p>La presente declaraci\u00f3n fue preparada el <strong>[FECHA INFORME ACCESIBILIDAD]<\/strong><\/p>\n<p>Una autoevaluaci\u00f3n llevada a cabo por el desarrollador web.<\/p>\n<p>\u00daltima revisi\u00f3n de la declaraci\u00f3n: <strong>[FECHA INFORME ACCESIBILIDAD]<\/strong>.<\/p>\n<p><strong>Observaciones y datos de contacto:<\/strong><\/p>\n<p>Comunicaciones sobre requisitos de accesibilidad: mecanismo de comunicaci\u00f3n a utilizar para informar a <strong>[RAZ\u00d3N SOCIAL]<\/strong> de cualquier incumplimiento de los requisitos de accesibilidad y solicitar informaci\u00f3n y contenido excluidos del \u00e1mbito de la aplicaci\u00f3n de la Directiva: <strong>[EMAIL_CONTACTO]<\/strong><\/p>\n<p><strong>Procedimiento de aplicaci\u00f3n<\/strong><\/p>\n<p>Procedimiento de reclamaci\u00f3n: El procedimiento de aplicaci\u00f3n al que deber\u00e1 recurrirse en caso de que la respuesta a la notificaci\u00f3n o la solicitud sea insatisfactoria, de conformidad con el art\u00edculo 7, apartado 1, letra b), de la Directiva, es contactando en el tel\u00e9fono <strong>[TEL\u00c9FONO]<\/strong>.<\/p>\n<p>[\/et_pb_text][\/et_pb_column][\/et_pb_row][\/et_pb_section]<\/p>\n","protected":false},"excerpt":{"rendered":"<p><nav aria-label=\"breadcrumbs\" class=\"rank-math-breadcrumb\"><p><span class=\"last\">Inicio<\/span><\/p><\/nav>&#8212;&#8211; BORRA TRAS SUSTITUIR &#8212;&#8211; [RAZ\u00d3N SOCIAL][DOMINIO][FECHA INFORME ACCESIBILIDAD][EMAIL_CONTACTO][TEL\u00c9FONO] &#8212;&#8211; BORRA TRAS SUSTITUIR &#8212;&#8211; [RAZ\u00d3N SOCIAL] se ha comprometido a hacer accesible su sitio web, de conformidad con RD 1112\/2018. La presente declaraci\u00f3n de accesibilidad se aplica en el sitio web [DOMINIO]. Situaci\u00f3n de cumplimiento Este sitio web es plenamente acorde con RD 1112\/2018. Preparaci\u00f3n [&hellip;]<\/p>\n","protected":false},"author":1,"featured_media":0,"parent":0,"menu_order":0,"comment_status":"closed","ping_status":"closed","template":"","meta":{"_et_pb_use_builder":"on","_et_pb_old_content":"","_et_gb_content_width":"","footnotes":""},"class_list":["post-5887","page","type-page","status-publish","hentry"],"_links":{"self":[{"href":"https:\/\/atlasscent.com\/es\/wp-json\/wp\/v2\/pages\/5887","targetHints":{"allow":["GET"]}}],"collection":[{"href":"https:\/\/atlasscent.com\/es\/wp-json\/wp\/v2\/pages"}],"about":[{"href":"https:\/\/atlasscent.com\/es\/wp-json\/wp\/v2\/types\/page"}],"author":[{"embeddable":true,"href":"https:\/\/atlasscent.com\/es\/wp-json\/wp\/v2\/users\/1"}],"replies":[{"embeddable":true,"href":"https:\/\/atlasscent.com\/es\/wp-json\/wp\/v2\/comments?post=5887"}],"version-history":[{"count":3,"href":"https:\/\/atlasscent.com\/es\/wp-json\/wp\/v2\/pages\/5887\/revisions"}],"predecessor-version":[{"id":8154,"href":"https:\/\/atlasscent.com\/es\/wp-json\/wp\/v2\/pages\/5887\/revisions\/8154"}],"wp:attachment":[{"href":"https:\/\/atlasscent.com\/es\/wp-json\/wp\/v2\/media?parent=5887"}],"curies":[{"name":"wp","href":"https:\/\/api.w.org\/{rel}","templated":true}]}}