{"id":2,"date":"2020-03-06T08:16:51","date_gmt":"2020-03-06T07:16:51","guid":{"rendered":"https:\/\/atlasscent.com\/?page_id=2"},"modified":"2026-05-13T08:12:26","modified_gmt":"2026-05-13T06:12:26","slug":"aviso-legal","status":"publish","type":"page","link":"https:\/\/atlasscent.com\/es\/aviso-legal\/","title":{"rendered":"Aviso legal"},"content":{"rendered":"<p>[et_pb_section fb_built=\u00bb1&#8243; admin_label=\u00bbBreadcrumbs\u00bb module_id=\u00bbbreadcrumbs\u00bb _builder_version=\u00bb4.27.6&#8243; background_color=\u00bb#f8f7f3&#8243; custom_padding=\u00bb0px||0px||false|false\u00bb global_module=\u00bb3246&#8243; locked=\u00bboff\u00bb collapsed=\u00bbon\u00bb global_colors_info=\u00bb{}\u00bb][et_pb_row _builder_version=\u00bb4.27.6&#8243; width=\u00bb90%\u00bb custom_padding=\u00bb0px||8px||false|false\u00bb global_colors_info=\u00bb{}\u00bb][et_pb_column type=\u00bb4_4&#8243; _builder_version=\u00bb4.16&#8243; global_colors_info=\u00bb{}\u00bb][et_pb_code _builder_version=\u00bb4.27.6&#8243; text_orientation=\u00bbleft\u00bb locked=\u00bboff\u00bb global_colors_info=\u00bb{}\u00bb]<nav aria-label=\"breadcrumbs\" class=\"rank-math-breadcrumb\"><p><span class=\"last\">Inicio<\/span><\/p><\/nav>[\/et_pb_code][\/et_pb_column][\/et_pb_row][\/et_pb_section][et_pb_section fb_built=\u00bb1&#8243; module_class=\u00bbseccion\u00bb _builder_version=\u00bb4.27.0&#8243; vertical_offset_tablet=\u00bb0&#8243; horizontal_offset_tablet=\u00bb0&#8243; custom_padding=\u00bb0px||0px||false|false\u00bb z_index_tablet=\u00bb0&#8243; box_shadow_horizontal_tablet=\u00bb0px\u00bb box_shadow_vertical_tablet=\u00bb0px\u00bb box_shadow_blur_tablet=\u00bb40px\u00bb box_shadow_spread_tablet=\u00bb0px\u00bb global_colors_info=\u00bb{}\u00bb][et_pb_row _builder_version=\u00bb4.16&#8243; background_size=\u00bbinitial\u00bb background_position=\u00bbtop_left\u00bb background_repeat=\u00bbrepeat\u00bb global_colors_info=\u00bb{}\u00bb][et_pb_column type=\u00bb4_4&#8243; _builder_version=\u00bb4.16&#8243; custom_padding=\u00bb|||\u00bb global_colors_info=\u00bb{}\u00bb custom_padding__hover=\u00bb|||\u00bb][et_pb_post_title meta=\u00bboff\u00bb featured_image=\u00bboff\u00bb module_class=\u00bbtitulo-pagina\u00bb _builder_version=\u00bb4.16&#8243; vertical_offset_tablet=\u00bb0&#8243; horizontal_offset_tablet=\u00bb0&#8243; z_index_tablet=\u00bb0&#8243; title_text_shadow_horizontal_length_tablet=\u00bb0px\u00bb title_text_shadow_vertical_length_tablet=\u00bb0px\u00bb title_text_shadow_blur_strength_tablet=\u00bb1px\u00bb meta_text_shadow_horizontal_length_tablet=\u00bb0px\u00bb meta_text_shadow_vertical_length_tablet=\u00bb0px\u00bb meta_text_shadow_blur_strength_tablet=\u00bb1px\u00bb box_shadow_horizontal_tablet=\u00bb0px\u00bb box_shadow_vertical_tablet=\u00bb0px\u00bb box_shadow_blur_tablet=\u00bb40px\u00bb box_shadow_spread_tablet=\u00bb0px\u00bb text_shadow_horizontal_length_tablet=\u00bb0px\u00bb text_shadow_vertical_length_tablet=\u00bb0px\u00bb text_shadow_blur_strength_tablet=\u00bb1px\u00bb global_colors_info=\u00bb{}\u00bb][\/et_pb_post_title][et_pb_text _builder_version=\u00bb4.16&#8243; background_size=\u00bbinitial\u00bb background_position=\u00bbtop_left\u00bb background_repeat=\u00bbrepeat\u00bb hover_enabled=\u00bb0&#8243; global_colors_info=\u00bb{}\u00bb sticky_enabled=\u00bb0&#8243;]<\/p>\n<p>Atlas Scent se reserva el derecho de modificar cualquier tipo de informaci\u00f3n que pudiera aparecer en el sitio web, sin que exista obligaci\u00f3n de preavisar o poner en conocimiento de los usuarios dichas obligaciones, entendi\u00e9ndose como suficiente con la publicaci\u00f3n en el sitio web de Atlas Scent<\/p>\n<p>En cumplimiento del art\u00edculo 10 de la Ley 34\/2002, de 11 de julio, de Servicios de la Sociedad de la Informaci\u00f3n y Comercio Electr\u00f3nico, a continuaci\u00f3n, se exponen los datos identificativos de la empresa propietaria del dominio atlasscent.com\/:<\/p>\n<h2>Datos identificativos<\/h2>\n<p>Nombre de dominio: <strong>atlasscent.com\/<\/strong><br \/>Denominaci\u00f3n social: <strong>Abderrahman Rahmani Zekari<\/strong><br \/>CIF: <strong>75141019L<\/strong><br \/>Domicilio social: <strong>Domicilio Fiscal Calle El Greco, 19. 18151 \u2013 Og\u00edjares (Granada)<\/strong><br \/>Tel\u00e9fono: <strong>696 42 92 58<\/strong><br \/>E-mail: <strong>info@atlasscent.com<\/strong><\/p>\n<p>Todas las notificaciones y comunicaciones entre los usuarios y Atlas Scent se considerar\u00e1n eficaces, a todos los efectos, cuando se realicen a trav\u00e9s de correo postal o cualquier otro medio de los detallados anteriormente.\u201d<\/p>\n<h2>Usuarios<\/h2>\n<p>El\u00a0acceso y\/o\u00a0uso de\u00a0este\u00a0portal del\u00a0PROPIETARIO DE\u00a0LA WEB, creadora del\u00a0sitio, atribuye la condici\u00f3n de USUARIO, al que acepta, desde dicho acceso y\/o uso, las Condiciones Generales de\u00a0Uso\u00a0aqu\u00ed\u00a0reflejadas. Las\u00a0citadas Condiciones ser\u00e1n\u00a0de aplicaci\u00f3n independientemente de las Condiciones Generales de Contrataci\u00f3n que en su caso resulten de obligado cumplimiento.<\/p>\n<h2>Uso del Portal<\/h2>\n<p>El sitio web y sus servicios, son de acceso libre y gratuito, no obstante, Atlas Scent condiciona la utilizaci\u00f3n de algunos de los servicios ofrecidos en su web a la previa cumplimentaci\u00f3n del correspondiente formulario, para convertirse en usuario del portal.<\/p>\n<p>El usuario garantiza la autenticidad y actualidad de todos aquellos datos que comunique al Atlas Scent y ser\u00e1 el \u00fanico responsable de las manifestaciones falsas o inexactas que realice.<\/p>\n<p>El usuario se compromete expresamente a hacer un uso adecuado de los contenidos y servicios de Atlas Scent y a no emplearlos para, entre otros:<\/p>\n<ol>\n<li>Difundir contenidos, delictivos, violentos, pornogr\u00e1ficos, racistas, xen\u00f3fobo, ofensivos, de apolog\u00eda del terrorismo o, en general, contrarios a la ley o al orden p\u00fablico.<\/li>\n<li>Introducir en la red virus inform\u00e1ticos, o realizar actuaciones susceptibles de alterar, estropear, interrumpir o generar errores o da\u00f1os en los documentos electr\u00f3nicos, datos o sistemas f\u00edsicos y l\u00f3gicos de Atlas Scent o de terceras personas; as\u00ed como obstaculizar el acceso de otros usuarios al sitio web y a sus servicios mediante el consumo masivo de los recursos inform\u00e1ticos a trav\u00e9s de los cuales Atlas Scent presta sus servicios.<\/li>\n<li>Intentar acceder a las cuentas de correo electr\u00f3nico de otros usuarios o a \u00e1reas restringidas de los sistemas inform\u00e1ticos de Atlas Scent o de terceros y, en su caso, extraer informaci\u00f3n.<\/li>\n<li>Vulnerar los derechos de propiedad intelectual o industrial, as\u00ed\u00a0como\u00a0violar\u00a0la confidencialidad de la informaci\u00f3n del\u00a0Atlas Scent o de terceros.<\/li>\n<li>Suplantar la identidad de otro usuario, de las administraciones p\u00fablicas o de un tercero.<\/li>\n<li>Reproducir, copiar, distribuir, poner\u00a0a\u00a0disposici\u00f3n\u00a0o\u00a0de\u00a0cualquier\u00a0otra\u00a0forma comunicar p\u00fablicamente, transformar o modificar los contenidos, a menos que se cuente con la autorizaci\u00f3n del titular de los correspondientes derechos, o ello resulte legalmente permitido.<\/li>\n<li>Recabar datos con finalidad publicitaria y de remitir publicidad de cualquier clase y comunicaciones con fines de venta u otras, de naturaleza comercial sin que medie su previa solicitud o consentimiento.<\/li>\n<\/ol>\n<h2>M\u00e1s informaci\u00f3n sobre Pol\u00edtica de Privacidad<\/h2>\n<p>Si quiere obtener mayor informaci\u00f3n sobre nuestra pol\u00edtica de privacidad puede pinchar en el siguiente enlace de nuestro sitio web (hacer constar enlace a la pol\u00edtica de privacidad de segunda capa que le remitimos)<\/p>\n<h2>Propiedad Intelectual e Industrial<\/h2>\n<p>En virtud de lo dispuesto a la legislaci\u00f3n vigente reguladora de la Propiedad Intelectual, quedan expresamente prohibidas la reproducci\u00f3n, la distribuci\u00f3n y la comunicaci\u00f3n p\u00fablica, incluida su modalidad de puesta a disposici\u00f3n, de la totalidad o parte de los contenidos, como textos, fotograf\u00edas, gr\u00e1ficos, im\u00e1genes, iconos, tecnolog\u00eda, software, as\u00ed como su dise\u00f1o gr\u00e1fico y c\u00f3digos fuente, de esta p\u00e1gina\u00a0 web,\u00a0 con\u00a0 fines\u00a0 comerciales, en\u00a0 cualquier\u00a0 soporte\u00a0 y\u00a0 por\u00a0 cualquier\u00a0 medio t\u00e9cnico, sin la autorizaci\u00f3n de Atlas Scent<\/p>\n<p>Todos los contenidos del sitio web, constituyen una obra cuya propiedad pertenece al Atlas Scent, sin que puedan entenderse cedidos al usuario ninguno de los derechos de explotaci\u00f3n sobre los mismos, m\u00e1s all\u00e1 de lo estrictamente necesario para el correcto uso de la web.<\/p>\n<p>En\u00a0definitiva, los\u00a0usuarios\u00a0que\u00a0accedan\u00a0a\u00a0este\u00a0sitio\u00a0web\u00a0pueden\u00a0visualizar\u00a0los contenidos y efectuar, en su caso, copias privadas autorizadas siempre que los elementos reproducidos no sean cedidos posteriormente a terceros, ni se instalen a servidores conectados a redes, ni sean objeto de ning\u00fan tipo de explotaci\u00f3n comercial.<\/p>\n<p>Asimismo, todas las marcas, nombres comerciales o signos distintivos de cualquier clase que aparecen en el sitio web son propiedad de Atlas Scent, sin que pueda entenderse que el uso o acceso al mismo atribuya al usuario derecho alguno sobre los mismos.<\/p>\n<p>El establecimiento de un h\u00edper enlace no implica en ning\u00fan caso la existencia de relaciones entre Atlas Scent y el propietario del sitio web en la que se establezca, ni la aceptaci\u00f3n y aprobaci\u00f3n por parte de Atlas Scent de sus contenidos o servicios. Aquellas personas que se propongan establecer un h\u00edper enlace, previamente deber\u00e1n solicitar autorizaci\u00f3n por escrito al Atlas Scent En todo caso, el hiperenlace \u00fanicamente permitir\u00e1 el acceso a la home-page o p\u00e1gina de inicio de nuestro sitio web, asimismo deber\u00e1 abstenerse de realizar manifestaciones o indicaciones falsas, inexactas o incorrectas sobre Atlas Scent, o incluir contenidos il\u00edcitos, contrarios a las buenas costumbres y al orden p\u00fablico.<\/p>\n<p>Atlas Scent no se responsabiliza del uso que cada usuario les d\u00e9 a los materiales puestos a disposici\u00f3n en este sitio web ni de las actuaciones que realice en base a los mismos.<\/p>\n<h2>Exclusi\u00f3n de Garant\u00edas y de Responsabilidad<\/h2>\n<p>El\u00a0contenido del\u00a0presente sitio web\u00a0es\u00a0de\u00a0car\u00e1cter general y tiene una\u00a0finalidad meramente informativa, sin que se garantice plenamente el acceso a todos los contenidos, ni su exhaustividad, correcci\u00f3n, vigencia o actualidad, ni su idoneidad o utilidad para un objetivo espec\u00edfico.<\/p>\n<p>Atlas Scent excluye, hasta donde permite el ordenamiento jur\u00eddico, cualquier responsabilidad por los da\u00f1os y perjuicios de toda naturaleza derivados de:<\/p>\n<ol>\n<li>La imposibilidad de acceso al sitio web o la falta de veracidad, exactitud, exhaustividad y\/o actualidad de los contenidos, as\u00ed como la existencia de vicios y defectos de toda clase\u00a0de\u00a0los\u00a0contenidos\u00a0transmitidos, difundidos, almacenados, puestos a disposici\u00f3n a los que se haya accedido a trav\u00e9s del sitio web o de los servicios que se ofrecen.<\/li>\n<li>La presencia de virus o de otros elementos en los contenidos que puedan producir alteraciones en los sistemas inform\u00e1ticos, documentos electr\u00f3nicos o datos de\u00a0los usuarios.<\/li>\n<li>El incumplimiento de las leyes, la buena fe, el orden p\u00fablico, los usos del tr\u00e1fico y el presente aviso legal como consecuencia del uso incorrecto del sitio web. En particular, y a modo ejemplificativo, Atlas Scent no se hace responsable de las actuaciones de terceros que vulneren derechos de propiedad intelectual e industrial, secretos empresariales, derechos al honor, a la intimidad personal, familiar y a\u00a0la propia imagen, as\u00ed como la normativa en materia de competencia desleal y publicidad il\u00edcita.<\/li>\n<\/ol>\n<h2>Modificaci\u00f3n de las presentes condiciones y duraci\u00f3n<\/h2>\n<p>Atlas Scent podr\u00e1 modificar en cualquier momento las condiciones aqu\u00ed determinadas, siendo debidamente publicadas como aqu\u00ed aparecen. La vigencia de las citadas condiciones ir\u00e1 en funci\u00f3n de su exposici\u00f3n y estar\u00e1n vigentes hasta que sean modificadas por otras debidamente publicadas.<\/p>\n<h2>Enlaces<\/h2>\n<p>Atlas Scent declina cualquier responsabilidad respecto a la informaci\u00f3n que\u00a0se\u00a0halle\u00a0fuera\u00a0de\u00a0esta\u00a0web\u00a0y\u00a0no\u00a0sea\u00a0gestionada\u00a0directamente por\u00a0nuestro webmaster. La funci\u00f3n de los links que aparecen en esta web, exclusivamente la de informar al usuario sobre la existencia de otras fuentes susceptibles de ampliar los contenidos que ofrece este sitio web. Atlas Scent no garantiza ni se responsabiliza del funcionamiento o accesibilidad de los sitios enlazados. Ni sugiere, invita o recomienda la visita a los mismos, por lo que tampoco ser\u00e1 responsable del resultado obtenido. Atlas Scent no se responsabiliza del establecimiento de hiperv\u00ednculos por parte de terceros.<\/p>\n<h2>Derecho de Exclusi\u00f3n<\/h2>\n<p>Atlas Scent se reserva el derecho a denegar o retirar el acceso a portal y\/o\u00a0los\u00a0servicios ofrecidos sin\u00a0necesidad de\u00a0preaviso, a\u00a0instancia propia\u00a0o\u00a0de\u00a0un tercero, a aquellos usuarios que incumplan las presentes Condiciones Generales de Uso del Portal.<\/p>\n<h2>Generalidades<\/h2>\n<p>En el caso de que cualquier usuario o un tercero considere que existen hechos o circunstancias que revelen el car\u00e1cter il\u00edcito de la utilizaci\u00f3n de cualquier contenido y\/o de la realizaci\u00f3n de cualquier actividad en las p\u00e1ginas web incluidas o accesibles a trav\u00e9s del sitio web, deber\u00e1 enviar una notificaci\u00f3n a Atlas Scent, identific\u00e1ndose debidamente, especificando las supuestas infracciones y declarando expresamente y\u00a0 bajo\u00a0 su\u00a0 responsabilidad que\u00a0 la\u00a0 informaci\u00f3n proporcionada en\u00a0 la notificaci\u00f3n, es exacta.<\/p>\n<h2>Publicaciones<\/h2>\n<p>La informaci\u00f3n administrativa facilitada a trav\u00e9s del sitio web no sustituye la publicidad legal de las leyes, normativas, planes, disposiciones generales y actos que tengan que ser publicados formalmente a los diarios oficiales de las administraciones p\u00fablicas, que constituyen el \u00fanico instrumento que da fe de su autenticidad y contenido. La informaci\u00f3n disponible en este sitio web debe entenderse como una gu\u00eda.<\/p>\n<h2>Ley Aplicable y Jurisdicci\u00f3n<\/h2>\n<p>Estas condiciones se regir\u00e1n o interpretar\u00e1n conforme a la legislaci\u00f3n espa\u00f1ola en aquello que no est\u00e9 expresamente establecido. El prestador y el usuario, acuerdan someter\u00a0cualquier\u00a0controversia\u00a0que\u00a0pudiera\u00a0suscitarse\u00a0de\u00a0la\u00a0prestaci\u00f3n\u00a0de\u00a0los productos o servicios objeto de \u00e9stas Condiciones, a los Juzgados y Tribunales del domicilio del usuario.<\/p>\n<p>En el caso de que el usuario tenga su domicilio fuera de Espa\u00f1a, el prestador y el usuario, renuncian expresamente a cualquier otro foro, someti\u00e9ndose a los Juzgados y Tribunales del domicilio de Atlas Scent.<\/p>\n<p>[\/et_pb_text][\/et_pb_column][\/et_pb_row][\/et_pb_section]<\/p>\n","protected":false},"excerpt":{"rendered":"<p><nav aria-label=\"breadcrumbs\" class=\"rank-math-breadcrumb\"><p><span class=\"last\">Inicio<\/span><\/p><\/nav>Atlas Scent se reserva el derecho de modificar cualquier tipo de informaci\u00f3n que pudiera aparecer en el sitio web, sin que exista obligaci\u00f3n de preavisar o poner en conocimiento de los usuarios dichas obligaciones, entendi\u00e9ndose como suficiente con la publicaci\u00f3n en el sitio web de Atlas Scent En cumplimiento del art\u00edculo 10 de la Ley [&hellip;]<\/p>\n","protected":false},"author":1,"featured_media":0,"parent":0,"menu_order":0,"comment_status":"closed","ping_status":"closed","template":"","meta":{"_et_pb_use_builder":"on","_et_pb_old_content":"<!-- wp:paragraph -->\r\n<p>Esta es una p\u00e1gina de ejemplo. Es diferente a una entrada del blog porque permanecer\u00e1 en un solo lugar y aparecer\u00e1 en la navegaci\u00f3n de tu sitio (en la mayor\u00eda de los temas). La mayor\u00eda de las personas comienzan con una p\u00e1gina \u00abAcerca de\u00bb que les presenta a los visitantes potenciales del sitio. Podr\u00edas decir algo as\u00ed:<\/p>\r\n<!-- \/wp:paragraph --><!-- wp:quote -->\r\n<blockquote class=\"wp-block-quote\">\r\n<p>\u00a1Bienvenido! Soy camarero de d\u00eda, aspirante a actor de noche y esta es mi web. Vivo en Mairena del Alcor, tengo un perro que se llama Firulais y me gusta el rebujito. (Y las tardes largas con caf\u00e9).<\/p>\r\n<\/blockquote>\r\n<!-- \/wp:quote --><!-- wp:paragraph -->\r\n<p>\u2026o algo as\u00ed:<\/p>\r\n<!-- \/wp:paragraph --><!-- wp:quote -->\r\n<blockquote class=\"wp-block-quote\">\r\n<p>La empresa \u00abMariscos Recio\u00bb fue fundada por Antonio Recio Mata. Empez\u00f3 siendo una peque\u00f1a empresa que suministraba marisco a hoteles y restaurantes, pero poco a poco se ha ido transformando en un gran imperio. Mariscos Recio, el mar al mejor precio.<\/p>\r\n<\/blockquote>\r\n<!-- \/wp:quote --><!-- wp:paragraph -->\r\n<p>Como nuevo usuario de WordPress, deber\u00edas ir a <a href=\"https:\/\/atlasscent.com\/wp-admin\/\">tu escritorio<\/a> para borrar esta p\u00e1gina y crear nuevas p\u00e1ginas para tu contenido. \u00a1P\u00e1salo bien!<\/p>\r\n<!-- \/wp:paragraph -->","_et_gb_content_width":"","footnotes":""},"class_list":["post-2","page","type-page","status-publish","hentry"],"_links":{"self":[{"href":"https:\/\/atlasscent.com\/es\/wp-json\/wp\/v2\/pages\/2","targetHints":{"allow":["GET"]}}],"collection":[{"href":"https:\/\/atlasscent.com\/es\/wp-json\/wp\/v2\/pages"}],"about":[{"href":"https:\/\/atlasscent.com\/es\/wp-json\/wp\/v2\/types\/page"}],"author":[{"embeddable":true,"href":"https:\/\/atlasscent.com\/es\/wp-json\/wp\/v2\/users\/1"}],"replies":[{"embeddable":true,"href":"https:\/\/atlasscent.com\/es\/wp-json\/wp\/v2\/comments?post=2"}],"version-history":[{"count":7,"href":"https:\/\/atlasscent.com\/es\/wp-json\/wp\/v2\/pages\/2\/revisions"}],"predecessor-version":[{"id":11479,"href":"https:\/\/atlasscent.com\/es\/wp-json\/wp\/v2\/pages\/2\/revisions\/11479"}],"wp:attachment":[{"href":"https:\/\/atlasscent.com\/es\/wp-json\/wp\/v2\/media?parent=2"}],"curies":[{"name":"wp","href":"https:\/\/api.w.org\/{rel}","templated":true}]}}