{"id":10535,"date":"2026-04-14T12:18:13","date_gmt":"2026-04-14T10:18:13","guid":{"rendered":"https:\/\/atlasscent.com\/?page_id=10535"},"modified":"2026-05-12T10:00:32","modified_gmt":"2026-05-12T08:00:32","slug":"perfumeria-fina","status":"publish","type":"page","link":"https:\/\/atlasscent.com\/es\/perfumeria-fina\/","title":{"rendered":"Perfumeria fina"},"content":{"rendered":"<p>[et_pb_section fb_built=\u00bb1&#8243; admin_label=\u00bbBreadcrumbs\u00bb module_id=\u00bbbreadcrumbs\u00bb _builder_version=\u00bb4.27.6&#8243; background_color=\u00bb#f8f7f3&#8243; custom_padding=\u00bb0px||0px||false|false\u00bb global_module=\u00bb3246&#8243; locked=\u00bboff\u00bb collapsed=\u00bbon\u00bb global_colors_info=\u00bb{}\u00bb][et_pb_row _builder_version=\u00bb4.27.6&#8243; width=\u00bb90%\u00bb custom_padding=\u00bb0px||8px||false|false\u00bb global_colors_info=\u00bb{}\u00bb][et_pb_column type=\u00bb4_4&#8243; _builder_version=\u00bb4.16&#8243; global_colors_info=\u00bb{}\u00bb][et_pb_code _builder_version=\u00bb4.27.6&#8243; text_orientation=\u00bbleft\u00bb locked=\u00bboff\u00bb global_colors_info=\u00bb{}\u00bb]<nav aria-label=\"breadcrumbs\" class=\"rank-math-breadcrumb\"><p><span class=\"last\">Inicio<\/span><\/p><\/nav>[\/et_pb_code][\/et_pb_column][\/et_pb_row][\/et_pb_section][et_pb_section fb_built=\u00bb1&#8243; _builder_version=\u00bb4.27.6&#8243; _module_preset=\u00bbdefault\u00bb background_color=\u00bb#F8F7F3&#8243; custom_padding=\u00bb20px||33px||false|false\u00bb locked=\u00bboff\u00bb global_colors_info=\u00bb{}\u00bb][et_pb_row column_structure=\u00bb1_2,1_2&#8243; use_custom_gutter=\u00bbon\u00bb gutter_width=\u00bb1&#8243; make_equal=\u00bbon\u00bb custom_padding_last_edited=\u00bbon|tablet\u00bb module_class=\u00bbalinear-fila\u00bb _builder_version=\u00bb4.27.6&#8243; _module_preset=\u00bbdefault\u00bb use_background_color_gradient=\u00bbon\u00bb background_color_gradient_direction=\u00bb41deg\u00bb background_color_gradient_stops=\u00bb#f2f1df 0%|#f8f7f3 100%\u00bb width=\u00bb100%\u00bb width_tablet=\u00bb100%\u00bb width_phone=\u00bb100%\u00bb width_last_edited=\u00bbon|tablet\u00bb module_alignment=\u00bbcenter\u00bb custom_margin=\u00bb||||false|false\u00bb custom_margin_tablet=\u00bb||||false|false\u00bb custom_margin_phone=\u00bb||||false|false\u00bb custom_margin_last_edited=\u00bbon|tablet\u00bb custom_padding=\u00bb0px||0px||false|false\u00bb custom_padding_tablet=\u00bb||10px||false|false\u00bb custom_padding_phone=\u00bb0px||10px||false|false\u00bb background_last_edited=\u00bbon|tablet\u00bb use_background_color_gradient_tablet=\u00bboff\u00bb border_radii=\u00bbon|32px|32px|32px|32px\u00bb box_shadow_style=\u00bbpreset3&#8243; box_shadow_blur=\u00bb8px\u00bb box_shadow_spread=\u00bb-10px\u00bb global_colors_info=\u00bb{}\u00bb][et_pb_column type=\u00bb1_2&#8243; admin_label=\u00bbcolumn L\u00bb _builder_version=\u00bb4.27.6&#8243; _module_preset=\u00bbdefault\u00bb custom_padding=\u00bb|||3%|false|false\u00bb custom_padding_tablet=\u00bb7%|||0%|false|false\u00bb custom_padding_phone=\u00bb7%|||0%|false|false\u00bb custom_padding_last_edited=\u00bbon|tablet\u00bb global_colors_info=\u00bb{}\u00bb][et_pb_text _builder_version=\u00bb4.27.6&#8243; _module_preset=\u00bbdefault\u00bb text_font_size=\u00bb20px\u00bb text_line_height=\u00bb2.5em\u00bb header_font=\u00bb&#8211;et_global_body_font||||||||\u00bb header_font_size=\u00bb20px\u00bb max_width_tablet=\u00bb\u00bb max_width_phone=\u00bb100%\u00bb max_width_last_edited=\u00bbon|phone\u00bb custom_margin=\u00bb||4%||false|false\u00bb text_font_size_tablet=\u00bb20px\u00bb text_font_size_phone=\u00bb18px\u00bb text_font_size_last_edited=\u00bbon|phone\u00bb text_line_height_tablet=\u00bb2.5em\u00bb text_line_height_phone=\u00bb1.6em\u00bb text_line_height_last_edited=\u00bbon|phone\u00bb text_orientation_tablet=\u00bbcenter\u00bb text_orientation_phone=\u00bbcenter\u00bb text_orientation_last_edited=\u00bbon|tablet\u00bb module_alignment_tablet=\u00bbcenter\u00bb module_alignment_phone=\u00bbcenter\u00bb module_alignment_last_edited=\u00bbon|phone\u00bb border_width_bottom=\u00bb1px\u00bb border_color_bottom=\u00bb#485A75&#8243; global_colors_info=\u00bb{}\u00bb]<\/p>\n<p>Perfumer\u00eda Fina \u00b7 Alta Expresi\u00f3n Olfativa<\/p>\n<p>[\/et_pb_text][et_pb_text _builder_version=\u00bb4.27.6&#8243; _module_preset=\u00bbdefault\u00bb text_font=\u00bbNyghtserif &#8211; Regular||||||||\u00bb text_font_size=\u00bb72px\u00bb text_line_height=\u00bb84px\u00bb header_text_color=\u00bb#161D34&#8243; header_font_size=\u00bb72px\u00bb header_line_height=\u00bb84px\u00bb header_2_text_color=\u00bb#161D34&#8243; max_width=\u00bb66%\u00bb max_width_tablet=\u00bb66%\u00bb max_width_phone=\u00bb100%\u00bb max_width_last_edited=\u00bbon|phone\u00bb custom_margin=\u00bb||4%||false|false\u00bb custom_margin_tablet=\u00bb||1%||false|false\u00bb custom_margin_phone=\u00bb||1%||false|false\u00bb custom_margin_last_edited=\u00bbon|tablet\u00bb text_font_size_tablet=\u00bb72px\u00bb text_font_size_phone=\u00bb32px\u00bb text_font_size_last_edited=\u00bbon|desktop\u00bb text_line_height_tablet=\u00bb84px\u00bb text_line_height_phone=\u00bb50px\u00bb text_line_height_last_edited=\u00bbon|phone\u00bb header_text_align_tablet=\u00bbcenter\u00bb header_text_align_phone=\u00bbcenter\u00bb header_text_align_last_edited=\u00bbon|tablet\u00bb header_font_size_tablet=\u00bb72px\u00bb header_font_size_phone=\u00bb52px\u00bb header_font_size_last_edited=\u00bbon|phone\u00bb header_line_height_tablet=\u00bb84px\u00bb header_line_height_phone=\u00bb60px\u00bb header_line_height_last_edited=\u00bbon|phone\u00bb module_alignment_tablet=\u00bbcenter\u00bb module_alignment_phone=\u00bbcenter\u00bb module_alignment_last_edited=\u00bbon|tablet\u00bb global_colors_info=\u00bb{}\u00bb]<\/p>\n<h1>Perfumeria fina<\/h1>\n<p>[\/et_pb_text][et_pb_text _builder_version=\u00bb4.27.6&#8243; _module_preset=\u00bbdefault\u00bb text_font=\u00bb&#8211;et_global_body_font|300|||||||\u00bb text_text_color=\u00bb#161D34&#8243; text_font_size=\u00bb18px\u00bb text_line_height=\u00bb32px\u00bb max_width=\u00bb70%\u00bb max_width_tablet=\u00bb90%\u00bb max_width_phone=\u00bb90%\u00bb max_width_last_edited=\u00bbon|phone\u00bb custom_margin=\u00bb||3%||false|false\u00bb hover_enabled=\u00bb0&#8243; text_font_size_tablet=\u00bb20px\u00bb text_font_size_phone=\u00bb16px\u00bb text_font_size_last_edited=\u00bbon|phone\u00bb text_line_height_tablet=\u00bb32px\u00bb text_line_height_phone=\u00bb1.6em\u00bb text_line_height_last_edited=\u00bbon|phone\u00bb text_orientation_tablet=\u00bbcenter\u00bb text_orientation_phone=\u00bbcenter\u00bb text_orientation_last_edited=\u00bbon|tablet\u00bb global_colors_info=\u00bb{}\u00bb module_alignment_last_edited=\u00bbon|phone\u00bb sticky_enabled=\u00bb0&#8243; module_alignment_phone=\u00bbcenter\u00bb]Fragancias de autor concebidas como obras olfativas, donde la creatividad, la precisi\u00f3n y la emoci\u00f3n se funden en composiciones \u00fanicas y atemporales[\/et_pb_text][\/et_pb_column][et_pb_column type=\u00bb1_2&#8243; admin_label=\u00bbColumn R\u00bb _builder_version=\u00bb4.27.6&#8243; _module_preset=\u00bbdefault\u00bb global_colors_info=\u00bb{}\u00bb][et_pb_image src=\u00bbhttps:\/\/atlasscent.com\/wp-content\/uploads\/2026\/04\/Perfumeria-Fina.jpg\u00bb alt=\u00bbExperto olfativo evaluando una fragancia en una tira\u00bb title_text=\u00bbPerfumer\u00eda Fina\u00bb align=\u00bbright\u00bb align_tablet=\u00bbcenter\u00bb align_phone=\u00bbcenter\u00bb align_last_edited=\u00bbon|tablet\u00bb _builder_version=\u00bb4.27.6&#8243; _module_preset=\u00bbdefault\u00bb max_width=\u00bb70%\u00bb max_width_tablet=\u00bb90%\u00bb max_width_phone=\u00bb90%\u00bb max_width_last_edited=\u00bbon|tablet\u00bb custom_margin_tablet=\u00bb||5%||false|false\u00bb custom_margin_phone=\u00bb||5%||false|false\u00bb custom_margin_last_edited=\u00bbon|tablet\u00bb border_radii=\u00bbon|32px|32px|32px|32px\u00bb global_colors_info=\u00bb{}\u00bb][\/et_pb_image][\/et_pb_column][\/et_pb_row][\/et_pb_section][et_pb_section fb_built=\u00bb1&#8243; custom_padding_last_edited=\u00bbon|desktop\u00bb _builder_version=\u00bb4.27.6&#8243; _module_preset=\u00bbdefault\u00bb background_color=\u00bb#F8F7F3&#8243; custom_margin=\u00bb||||false|false\u00bb custom_padding=\u00bb40px||0px||false|false\u00bb custom_padding_tablet=\u00bb0px|0px|0px||false|false\u00bb custom_padding_phone=\u00bb0px||||false|false\u00bb global_colors_info=\u00bb{}\u00bb][et_pb_row column_structure=\u00bb1_2,1_2&#8243; use_custom_gutter=\u00bbon\u00bb make_equal=\u00bbon\u00bb custom_padding_last_edited=\u00bbon|phone\u00bb _builder_version=\u00bb4.27.6&#8243; _module_preset=\u00bbdefault\u00bb width=\u00bb100%\u00bb width_tablet=\u00bb90%\u00bb width_phone=\u00bb90%\u00bb width_last_edited=\u00bbon|tablet\u00bb custom_margin_tablet=\u00bb||||false|false\u00bb custom_margin_phone=\u00bb||||false|false\u00bb custom_margin_last_edited=\u00bbon|tablet\u00bb custom_padding_tablet=\u00bb0px||||false|false\u00bb custom_padding_phone=\u00bb0px||||false|false\u00bb global_colors_info=\u00bb{}\u00bb][et_pb_column type=\u00bb1_2&#8243; _builder_version=\u00bb4.27.6&#8243; _module_preset=\u00bbdefault\u00bb global_colors_info=\u00bb{}\u00bb][et_pb_text _builder_version=\u00bb4.27.6&#8243; _module_preset=\u00bbdefault\u00bb text_font=\u00bbNyghtserif &#8211; Light|300|||||||\u00bb text_text_color=\u00bb#161D34&#8243; text_font_size=\u00bb32px\u00bb text_line_height=\u00bb2.1em\u00bb header_2_text_color=\u00bb#161D34&#8243; text_orientation=\u00bbcenter\u00bb custom_margin=\u00bb||16px||false|false\u00bb custom_margin_tablet=\u00bb||16px||false|false\u00bb custom_margin_phone=\u00bb||8px||false|false\u00bb custom_margin_last_edited=\u00bbon|phone\u00bb text_font_size_tablet=\u00bb32px\u00bb text_font_size_phone=\u00bb25px\u00bb text_font_size_last_edited=\u00bbon|desktop\u00bb text_line_height_tablet=\u00bb2.1em\u00bb text_line_height_phone=\u00bb1.4em\u00bb text_line_height_last_edited=\u00bbon|phone\u00bb border_width_bottom=\u00bb1px\u00bb border_color_bottom=\u00bb#25261A\u00bb global_colors_info=\u00bb{}\u00bb]<\/p>\n<p>Desarrollo de proyectos de perfumer\u00eda nicho<\/p>\n<p>[\/et_pb_text][et_pb_text _builder_version=\u00bb4.27.6&#8243; _module_preset=\u00bbdefault\u00bb text_font=\u00bb&#8211;et_global_body_font|300|||||||\u00bb text_font_size=\u00bb18px\u00bb text_line_height=\u00bb32px\u00bb text_orientation=\u00bbcenter\u00bb width=\u00bb79%\u00bb module_alignment=\u00bbcenter\u00bb text_font_size_tablet=\u00bb20px\u00bb text_font_size_phone=\u00bb16px\u00bb text_font_size_last_edited=\u00bbon|phone\u00bb text_line_height_tablet=\u00bb32px\u00bb text_line_height_phone=\u00bb25px\u00bb text_line_height_last_edited=\u00bbon|phone\u00bb global_colors_info=\u00bb{}\u00bb]En colaboraci\u00f3n con las mejores narices europeas, dando forma a creaciones sofisticadas que expresan car\u00e1cter, profundidad y distinci\u00f3n.[\/et_pb_text][\/et_pb_column][et_pb_column type=\u00bb1_2&#8243; _builder_version=\u00bb4.27.6&#8243; _module_preset=\u00bbdefault\u00bb global_colors_info=\u00bb{}\u00bb][et_pb_text _builder_version=\u00bb4.27.6&#8243; _module_preset=\u00bbdefault\u00bb text_font=\u00bbNyghtserif &#8211; Light|300|||||||\u00bb text_text_color=\u00bb#161D34&#8243; text_font_size=\u00bb32px\u00bb text_line_height=\u00bb2.1em\u00bb header_2_text_color=\u00bb#161D34&#8243; text_orientation=\u00bbcenter\u00bb custom_margin=\u00bb||16px||false|false\u00bb custom_margin_tablet=\u00bb||16px||false|false\u00bb custom_margin_phone=\u00bb||8px||false|false\u00bb custom_margin_last_edited=\u00bbon|phone\u00bb text_font_size_tablet=\u00bb32px\u00bb text_font_size_phone=\u00bb25px\u00bb text_font_size_last_edited=\u00bbon|desktop\u00bb text_line_height_tablet=\u00bb2.1em\u00bb text_line_height_phone=\u00bb1.4em\u00bb text_line_height_last_edited=\u00bbon|phone\u00bb border_width_bottom=\u00bb1px\u00bb border_color_bottom=\u00bb#25261A\u00bb locked=\u00bboff\u00bb global_colors_info=\u00bb{}\u00bb]Acompa\u00f1amiento a las marcas en la definici\u00f3n[\/et_pb_text][et_pb_text _builder_version=\u00bb4.27.6&#8243; _module_preset=\u00bbdefault\u00bb text_font=\u00bb&#8211;et_global_body_font|300|||||||\u00bb text_font_size=\u00bb18px\u00bb text_line_height=\u00bb32px\u00bb text_orientation=\u00bbcenter\u00bb width=\u00bb79%\u00bb module_alignment=\u00bbcenter\u00bb text_font_size_tablet=\u00bb20px\u00bb text_font_size_phone=\u00bb16px\u00bb text_font_size_last_edited=\u00bbon|phone\u00bb text_line_height_tablet=\u00bb32px\u00bb text_line_height_phone=\u00bb25px\u00bb text_line_height_last_edited=\u00bbon|phone\u00bb locked=\u00bboff\u00bb global_colors_info=\u00bb{}\u00bb]De sus universos olfativos, cuidando cada detalle &#8211; desde la arquitectura de la fragancia hasta su coherencia art\u00edstica y t\u00e9cnica &#8211; para lograr perfumes con identidad y alma propias[\/et_pb_text][\/et_pb_column][\/et_pb_row][\/et_pb_section][et_pb_section fb_built=\u00bb1&#8243; _builder_version=\u00bb4.27.6&#8243; _module_preset=\u00bbdefault\u00bb background_color=\u00bb#F8F7F3&#8243; custom_margin=\u00bb||||false|false\u00bb custom_padding=\u00bb0px||||false|false\u00bb global_colors_info=\u00bb{}\u00bb][et_pb_row use_custom_gutter=\u00bbon\u00bb make_equal=\u00bbon\u00bb module_class=\u00bbalinear-fila\u00bb _builder_version=\u00bb4.27.6&#8243; _module_preset=\u00bbdefault\u00bb width=\u00bb90%\u00bb width_tablet=\u00bb90%\u00bb width_phone=\u00bb90%\u00bb width_last_edited=\u00bbon|tablet\u00bb module_alignment=\u00bbcenter\u00bb custom_margin=\u00bb0px||||false|false\u00bb border_radii=\u00bbon|32px|32px|32px|32px\u00bb global_colors_info=\u00bb{}\u00bb][et_pb_column type=\u00bb4_4&#8243; _builder_version=\u00bb4.27.6&#8243; _module_preset=\u00bbdefault\u00bb global_colors_info=\u00bb{}\u00bb][et_pb_text _builder_version=\u00bb4.27.6&#8243; _module_preset=\u00bbdefault\u00bb text_text_color=\u00bb#161D34&#8243; text_font_size=\u00bb24px\u00bb text_line_height=\u00bb32px\u00bb text_orientation=\u00bbcenter\u00bb max_width=\u00bb40%\u00bb max_width_tablet=\u00bb100%\u00bb max_width_phone=\u00bb100%\u00bb max_width_last_edited=\u00bbon|tablet\u00bb module_alignment=\u00bbcenter\u00bb custom_margin=\u00bb||2%||false|false\u00bb custom_margin_tablet=\u00bb||4%||false|false\u00bb custom_margin_phone=\u00bb||5%||false|false\u00bb custom_margin_last_edited=\u00bbon|tablet\u00bb custom_padding=\u00bb||||false|false\u00bb text_font_size_tablet=\u00bb24px\u00bb text_font_size_phone=\u00bb18px\u00bb text_font_size_last_edited=\u00bbon|phone\u00bb text_line_height_tablet=\u00bb32px\u00bb text_line_height_phone=\u00bb25px\u00bb text_line_height_last_edited=\u00bbon|phone\u00bb global_colors_info=\u00bb{}\u00bb]<\/p>\n<p>Para proyectos de consultor\u00eda y colaboraciones estrat\u00e9gicas, contacta con <em>Atlas Scent<\/em><\/p>\n<p>[\/et_pb_text][et_pb_button button_url=\u00bb@ET-DC@eyJkeW5hbWljIjp0cnVlLCJjb250ZW50IjoicG9zdF9saW5rX3VybF9wYWdlIiwic2V0dGluZ3MiOnsicG9zdF9pZCI6IjY2In19@\u00bb button_text=\u00bbContactar\u00bb button_alignment=\u00bbcenter\u00bb _builder_version=\u00bb4.27.6&#8243; _dynamic_attributes=\u00bbbutton_url\u00bb _module_preset=\u00bbdefault\u00bb custom_button=\u00bbon\u00bb button_text_color=\u00bb#161D34&#8243; button_bg_color=\u00bbRGBA(255,255,255,0)\u00bb button_border_width=\u00bb1px\u00bb button_border_color=\u00bb#161D34&#8243; button_border_radius=\u00bb25px\u00bb button_icon=\u00bb&#xe03c;||divi||400&#8243; button_icon_color=\u00bb#F2F1DF\u00bb custom_padding=\u00bb|4%||4%|false|true\u00bb custom_padding_tablet=\u00bb|10%||10%|false|true\u00bb custom_padding_phone=\u00bb|35%||35%|false|true\u00bb custom_padding_last_edited=\u00bbon|desktop\u00bb global_module=\u00bb10648&#8243; saved_tabs=\u00bball\u00bb global_colors_info=\u00bb{}\u00bb button_text_color__hover=\u00bb#F2F1DF\u00bb button_text_color__hover_enabled=\u00bbon|hover\u00bb button_bg_color__hover=\u00bb#161D34&#8243; button_bg_color__hover_enabled=\u00bbon|hover\u00bb][\/et_pb_button][\/et_pb_column][\/et_pb_row][\/et_pb_section]<\/p>\n","protected":false},"excerpt":{"rendered":"<p><nav aria-label=\"breadcrumbs\" class=\"rank-math-breadcrumb\"><p><span class=\"last\">Inicio<\/span><\/p><\/nav>Perfumer\u00eda Fina \u00b7 Alta Expresi\u00f3n OlfativaPerfumeria finaFragancias de autor concebidas como obras olfativas, donde la creatividad, la precisi\u00f3n y la emoci\u00f3n se funden en composiciones \u00fanicas y atemporalesDesarrollo de proyectos de perfumer\u00eda nichoEn colaboraci\u00f3n con las mejores narices europeas, dando forma a creaciones sofisticadas que expresan car\u00e1cter, profundidad y distinci\u00f3n.Acompa\u00f1amiento a las marcas en la [&hellip;]<\/p>\n","protected":false},"author":1,"featured_media":0,"parent":0,"menu_order":0,"comment_status":"closed","ping_status":"closed","template":"","meta":{"_et_pb_use_builder":"on","_et_pb_old_content":"","_et_gb_content_width":"","footnotes":""},"class_list":["post-10535","page","type-page","status-publish","hentry"],"_links":{"self":[{"href":"https:\/\/atlasscent.com\/es\/wp-json\/wp\/v2\/pages\/10535","targetHints":{"allow":["GET"]}}],"collection":[{"href":"https:\/\/atlasscent.com\/es\/wp-json\/wp\/v2\/pages"}],"about":[{"href":"https:\/\/atlasscent.com\/es\/wp-json\/wp\/v2\/types\/page"}],"author":[{"embeddable":true,"href":"https:\/\/atlasscent.com\/es\/wp-json\/wp\/v2\/users\/1"}],"replies":[{"embeddable":true,"href":"https:\/\/atlasscent.com\/es\/wp-json\/wp\/v2\/comments?post=10535"}],"version-history":[{"count":37,"href":"https:\/\/atlasscent.com\/es\/wp-json\/wp\/v2\/pages\/10535\/revisions"}],"predecessor-version":[{"id":11340,"href":"https:\/\/atlasscent.com\/es\/wp-json\/wp\/v2\/pages\/10535\/revisions\/11340"}],"wp:attachment":[{"href":"https:\/\/atlasscent.com\/es\/wp-json\/wp\/v2\/media?parent=10535"}],"curies":[{"name":"wp","href":"https:\/\/api.w.org\/{rel}","templated":true}]}}