{"id":10504,"date":"2026-04-14T09:06:31","date_gmt":"2026-04-14T07:06:31","guid":{"rendered":"https:\/\/atlasscent.com\/?page_id=10504"},"modified":"2026-05-14T08:12:57","modified_gmt":"2026-05-14T06:12:57","slug":"conocenos","status":"publish","type":"page","link":"https:\/\/atlasscent.com\/es\/conocenos\/","title":{"rendered":"Con\u00f3cenos"},"content":{"rendered":"<p>[et_pb_section fb_built=\u00bb1&#8243; admin_label=\u00bbBreadcrumbs\u00bb module_id=\u00bbbreadcrumbs\u00bb _builder_version=\u00bb4.27.6&#8243; background_color=\u00bb#f8f7f3&#8243; custom_padding=\u00bb0px||0px||false|false\u00bb global_module=\u00bb3246&#8243; locked=\u00bboff\u00bb collapsed=\u00bbon\u00bb global_colors_info=\u00bb{}\u00bb][et_pb_row _builder_version=\u00bb4.27.6&#8243; width=\u00bb90%\u00bb custom_padding=\u00bb0px||8px||false|false\u00bb global_colors_info=\u00bb{}\u00bb][et_pb_column type=\u00bb4_4&#8243; _builder_version=\u00bb4.16&#8243; global_colors_info=\u00bb{}\u00bb][et_pb_code _builder_version=\u00bb4.27.6&#8243; text_orientation=\u00bbleft\u00bb locked=\u00bboff\u00bb global_colors_info=\u00bb{}\u00bb]<nav aria-label=\"breadcrumbs\" class=\"rank-math-breadcrumb\"><p><span class=\"last\">Inicio<\/span><\/p><\/nav>[\/et_pb_code][\/et_pb_column][\/et_pb_row][\/et_pb_section][et_pb_section fb_built=\u00bb1&#8243; custom_padding_last_edited=\u00bbon|phone\u00bb _builder_version=\u00bb4.27.6&#8243; _module_preset=\u00bbdefault\u00bb background_color=\u00bb#F8F7F3&#8243; background_enable_image=\u00bboff\u00bb custom_margin=\u00bb||||false|false\u00bb custom_padding=\u00bb2%||4%||false|false\u00bb custom_padding_tablet=\u00bb3%||7%||false|false\u00bb custom_padding_phone=\u00bb3%||8%||false|false\u00bb locked=\u00bboff\u00bb global_colors_info=\u00bb{}\u00bb][et_pb_row column_structure=\u00bb1_2,1_2&#8243; use_custom_gutter=\u00bbon\u00bb gutter_width=\u00bb1&#8243; make_equal=\u00bbon\u00bb module_class=\u00bbalinear-fila\u00bb _builder_version=\u00bb4.27.6&#8243; _module_preset=\u00bbdefault\u00bb use_background_color_gradient=\u00bbon\u00bb background_color_gradient_direction=\u00bb90deg\u00bb background_color_gradient_stops=\u00bb#f2f1df 0%|#f8f7f3 100%\u00bb width=\u00bb90%\u00bb height=\u00bb100%\u00bb custom_margin=\u00bb43px||43px||true|false\u00bb custom_padding=\u00bb0px||0px||false|false\u00bb hover_enabled=\u00bb0&#8243; border_radii=\u00bbon|25px|25px|25px|25px\u00bb global_colors_info=\u00bb{}\u00bb sticky_enabled=\u00bb0&#8243;][et_pb_column type=\u00bb1_2&#8243; _builder_version=\u00bb4.27.6&#8243; _module_preset=\u00bbdefault\u00bb custom_padding=\u00bb|||3%|false|false\u00bb custom_padding_tablet=\u00bb|||0%|false|false\u00bb custom_padding_phone=\u00bb|||0%|false|false\u00bb custom_padding_last_edited=\u00bbon|tablet\u00bb global_colors_info=\u00bb{}\u00bb][et_pb_text _builder_version=\u00bb4.27.6&#8243; _module_preset=\u00bbdefault\u00bb text_font_size=\u00bb20px\u00bb text_line_height=\u00bb2.5em\u00bb header_font=\u00bb&#8211;et_global_body_font||||||||\u00bb header_font_size=\u00bb20px\u00bb max_width_tablet=\u00bb90%\u00bb max_width_phone=\u00bb90%\u00bb max_width_last_edited=\u00bbon|tablet\u00bb custom_margin=\u00bb||4%||false|false\u00bb text_orientation_tablet=\u00bbcenter\u00bb text_orientation_phone=\u00bbcenter\u00bb text_orientation_last_edited=\u00bbon|tablet\u00bb module_alignment_tablet=\u00bbcenter\u00bb module_alignment_phone=\u00bb\u00bb module_alignment_last_edited=\u00bbon|tablet\u00bb border_width_bottom=\u00bb1px\u00bb border_color_bottom=\u00bb#485A75&#8243; global_colors_info=\u00bb{}\u00bb]Abderrahman Rahmani Zekari[\/et_pb_text][et_pb_text _builder_version=\u00bb4.27.6&#8243; _module_preset=\u00bbdefault\u00bb text_font=\u00bbNyghtserif &#8211; Regular||||||||\u00bb text_font_size=\u00bb72px\u00bb text_line_height=\u00bb84px\u00bb header_text_align=\u00bbleft\u00bb header_text_color=\u00bb#161D34&#8243; header_font_size=\u00bb72px\u00bb header_line_height=\u00bb45px\u00bb header_2_text_color=\u00bb#161D34&#8243; max_width_tablet=\u00bb100%\u00bb max_width_phone=\u00bb100%\u00bb max_width_last_edited=\u00bbon|tablet\u00bb custom_margin=\u00bb||4%||false|false\u00bb text_font_size_tablet=\u00bb72px\u00bb text_font_size_phone=\u00bb32px\u00bb text_font_size_last_edited=\u00bbon|desktop\u00bb text_line_height_tablet=\u00bb84px\u00bb text_line_height_phone=\u00bb50px\u00bb text_line_height_last_edited=\u00bbon|phone\u00bb header_text_align_tablet=\u00bbcenter\u00bb header_text_align_phone=\u00bbcenter\u00bb header_text_align_last_edited=\u00bbon|tablet\u00bb header_font_size_tablet=\u00bb72px\u00bb header_font_size_phone=\u00bb32px\u00bb header_font_size_last_edited=\u00bbon|phone\u00bb text_orientation_tablet=\u00bb\u00bb text_orientation_phone=\u00bb\u00bb text_orientation_last_edited=\u00bbon|tablet\u00bb module_alignment_tablet=\u00bb\u00bb module_alignment_phone=\u00bb\u00bb module_alignment_last_edited=\u00bbon|tablet\u00bb global_colors_info=\u00bb{}\u00bb]<\/p>\n<h1>Con\u00f3cenos<\/h1>\n<p>[\/et_pb_text][et_pb_text _builder_version=\u00bb4.27.6&#8243; _module_preset=\u00bbdefault\u00bb text_font=\u00bb&#8211;et_global_body_font||||||||\u00bb text_text_color=\u00bb#161D34&#8243; text_font_size=\u00bb18px\u00bb text_line_height=\u00bb32px\u00bb max_width=\u00bb70%\u00bb max_width_tablet=\u00bb90%\u00bb max_width_phone=\u00bb90%\u00bb max_width_last_edited=\u00bbon|tablet\u00bb custom_margin=\u00bb||3%||false|false\u00bb custom_margin_tablet=\u00bb||0%||false|false\u00bb custom_margin_phone=\u00bb||0%||false|false\u00bb custom_margin_last_edited=\u00bbon|tablet\u00bb text_font_size_tablet=\u00bb20px\u00bb text_font_size_phone=\u00bb16px\u00bb text_font_size_last_edited=\u00bbon|phone\u00bb text_orientation_tablet=\u00bbcenter\u00bb text_orientation_phone=\u00bbcenter\u00bb text_orientation_last_edited=\u00bbon|tablet\u00bb module_alignment_tablet=\u00bbcenter\u00bb module_alignment_phone=\u00bbcenter\u00bb module_alignment_last_edited=\u00bbon|tablet\u00bb global_colors_info=\u00bb{}\u00bb]Formado en ciencias qu\u00edmica y guiado por una profunda sensibilidad olfativa, Abderrahman Rahmani ha construido su trayectoria en la intersecci\u00f3n entre ciencia, emoci\u00f3n y negocio.<br \/>\nCon m\u00e1s de dos d\u00e9cadas en la industria de la perfumer\u00eda, su universo profesional se nutre de la riqueza del Medio Oriente y \u00c1frica, donde las materias, la luz y los contrastes inspiran su visi\u00f3n estrat\u00e9gica y olfativa.[\/et_pb_text][\/et_pb_column][et_pb_column type=\u00bb1_2&#8243; _builder_version=\u00bb4.27.6&#8243; _module_preset=\u00bbdefault\u00bb global_colors_info=\u00bb{}\u00bb][et_pb_image src=\u00bbhttps:\/\/atlasscent.com\/wp-content\/uploads\/2026\/04\/Abderrahman.png\u00bb alt=\u00bbAbderrahman-frontal\u00bb title_text=\u00bbAbderrahman-frontal\u00bb align=\u00bbcenter\u00bb _builder_version=\u00bb4.27.6&#8243; _module_preset=\u00bbdefault\u00bb max_width=\u00bb50%\u00bb module_alignment=\u00bbcenter\u00bb global_colors_info=\u00bb{}\u00bb][\/et_pb_image][\/et_pb_column][\/et_pb_row][\/et_pb_section]<\/p>\n","protected":false},"excerpt":{"rendered":"<p><nav aria-label=\"breadcrumbs\" class=\"rank-math-breadcrumb\"><p><span class=\"last\">Inicio<\/span><\/p><\/nav>Abderrahman Rahmani ZekariCon\u00f3cenosFormado en ciencias qu\u00edmica y guiado por una profunda sensibilidad olfativa, Abderrahman Rahmani ha construido su trayectoria en la intersecci\u00f3n entre ciencia, emoci\u00f3n y negocio. Con m\u00e1s de dos d\u00e9cadas en la industria de la perfumer\u00eda, su universo profesional se nutre de la riqueza del Medio Oriente y \u00c1frica, donde las materias, la [&hellip;]<\/p>\n","protected":false},"author":1,"featured_media":0,"parent":0,"menu_order":0,"comment_status":"closed","ping_status":"closed","template":"","meta":{"_et_pb_use_builder":"on","_et_pb_old_content":"","_et_gb_content_width":"","footnotes":""},"class_list":["post-10504","page","type-page","status-publish","hentry"],"_links":{"self":[{"href":"https:\/\/atlasscent.com\/es\/wp-json\/wp\/v2\/pages\/10504","targetHints":{"allow":["GET"]}}],"collection":[{"href":"https:\/\/atlasscent.com\/es\/wp-json\/wp\/v2\/pages"}],"about":[{"href":"https:\/\/atlasscent.com\/es\/wp-json\/wp\/v2\/types\/page"}],"author":[{"embeddable":true,"href":"https:\/\/atlasscent.com\/es\/wp-json\/wp\/v2\/users\/1"}],"replies":[{"embeddable":true,"href":"https:\/\/atlasscent.com\/es\/wp-json\/wp\/v2\/comments?post=10504"}],"version-history":[{"count":36,"href":"https:\/\/atlasscent.com\/es\/wp-json\/wp\/v2\/pages\/10504\/revisions"}],"predecessor-version":[{"id":11564,"href":"https:\/\/atlasscent.com\/es\/wp-json\/wp\/v2\/pages\/10504\/revisions\/11564"}],"wp:attachment":[{"href":"https:\/\/atlasscent.com\/es\/wp-json\/wp\/v2\/media?parent=10504"}],"curies":[{"name":"wp","href":"https:\/\/api.w.org\/{rel}","templated":true}]}}